{"id":935,"date":"2019-02-09T12:56:17","date_gmt":"2019-02-09T11:56:17","guid":{"rendered":"https:\/\/ms-mil.de\/?page_id=935"},"modified":"2026-03-03T10:40:10","modified_gmt":"2026-03-03T09:40:10","slug":"formulare-downloads","status":"publish","type":"page","link":"https:\/\/ms-mil.de\/?page_id=935","title":{"rendered":"Formulare \/ Downloads"},"content":{"rendered":"\n<p> Formulare und Informationsbl\u00e4tter der Schulverwaltung k\u00f6nnen hier herunter geladen werden.<br><\/p>\n\n\n\n<p>Leihvertrag der Stadt Miltenberg f\u00fcr einen Laptop zur Nutzung f\u00fcr schulische Zwecke im Rahmen des Distanzunterrichts.<\/p>\n\n\n\n<div class=\"wp-block-file\"><a id=\"wp-block-file--media-0dda9500-44f1-4e47-8134-dc1c71b2b5f5\" href=\"https:\/\/ms-mil.de\/wp-content\/uploads\/2021\/02\/2021-02-02LeihvertragNotebooksMSMiltenberg.pdf\">2021 02 02LeihvertragNotebooksMSMiltenberg<\/a><a href=\"https:\/\/ms-mil.de\/wp-content\/uploads\/2021\/02\/2021-02-02LeihvertragNotebooksMSMiltenberg.pdf\" class=\"wp-block-file__button wp-element-button\" download aria-describedby=\"wp-block-file--media-0dda9500-44f1-4e47-8134-dc1c71b2b5f5\">Herunterladen<\/a><\/div>\n\n\n\n<p><a href=\"https:\/\/ms-mil.de\/wp-content\/uploads\/2025\/10\/Anmeldung-Quali-extern-2025-2026.pdf\">Anmeldung Quali extern 2025-2026<\/a><\/p>\n<p><a href=\"https:\/\/ms-mil.de\/wp-content\/uploads\/2026\/03\/Anmeldung-u.-Info-Schreiben-M-KlassenWahlpflichtfach26.pdf\">Anmeldung u. Info Schreiben M-Klassen+Wahlpflichtfach26<\/a><\/p>\n<p><strong>Formulare zur Schulanmeldung, Einverst\u00e4ndniserkl\u00e4rung und Schulhausordnung:<\/strong><\/p>\n\n\n\n\n\n<div class=\"wp-block-file\"><a id=\"wp-block-file--media-2f19202c-be29-4316-8fcc-90871164d3fa\" href=\"https:\/\/ms-mil.de\/wp-content\/uploads\/2019\/02\/MusterSch\u00fcleranmeldung.pdf\">Formular Sch\u00fcleranmeldung<br><br><\/a><a href=\"https:\/\/ms-mil.de\/wp-content\/uploads\/2019\/02\/MusterSch\u00fcleranmeldung.pdf\" class=\"wp-block-file__button wp-element-button\" download aria-describedby=\"wp-block-file--media-2f19202c-be29-4316-8fcc-90871164d3fa\">Herunterladen<\/a><\/div>\n\n\n\n<div class=\"wp-block-file\"><a id=\"wp-block-file--media-fb50a0d5-ee8c-4455-b89d-c00c0f737588\" href=\"https:\/\/ms-mil.de\/wp-content\/uploads\/2021\/05\/Einverst\u00e4ndniserkl\u00e4rung-Freistunde.pdf\">Einverst\u00e4ndniserkl\u00e4rung-Freistunde<\/a><a href=\"https:\/\/ms-mil.de\/wp-content\/uploads\/2021\/05\/Einverst\u00e4ndniserkl\u00e4rung-Freistunde.pdf\" class=\"wp-block-file__button wp-element-button\" download aria-describedby=\"wp-block-file--media-fb50a0d5-ee8c-4455-b89d-c00c0f737588\">Herunterladen<\/a><\/div>\n\n\n\n<p><a href=\"https:\/\/ms-mil.de\/wp-content\/uploads\/2025\/08\/Schulhausordnung_22.05.2025.pdf\">Schulhausordnung_22.05.2025<\/a><\/p>\n","protected":false},"excerpt":{"rendered":"<p>Formulare und Informationsbl\u00e4tter der Schulverwaltung k\u00f6nnen hier herunter geladen werden. Leihvertrag der Stadt Miltenberg f\u00fcr einen Laptop zur Nutzung f\u00fcr schulische Zwecke im Rahmen des Distanzunterrichts. Anmeldung Quali extern 2025-2026 Anmeldung u. Info Schreiben M-Klassen+Wahlpflichtfach26 Formulare zur Schulanmeldung, Einverst\u00e4ndniserkl\u00e4rung und Schulhausordnung: Schulhausordnung_22.05.2025<\/p>\n","protected":false},"author":13,"featured_media":0,"parent":0,"menu_order":0,"comment_status":"closed","ping_status":"open","template":"","meta":[],"_links":{"self":[{"href":"https:\/\/ms-mil.de\/index.php?rest_route=\/wp\/v2\/pages\/935"}],"collection":[{"href":"https:\/\/ms-mil.de\/index.php?rest_route=\/wp\/v2\/pages"}],"about":[{"href":"https:\/\/ms-mil.de\/index.php?rest_route=\/wp\/v2\/types\/page"}],"author":[{"embeddable":true,"href":"https:\/\/ms-mil.de\/index.php?rest_route=\/wp\/v2\/users\/13"}],"replies":[{"embeddable":true,"href":"https:\/\/ms-mil.de\/index.php?rest_route=%2Fwp%2Fv2%2Fcomments&post=935"}],"version-history":[{"count":40,"href":"https:\/\/ms-mil.de\/index.php?rest_route=\/wp\/v2\/pages\/935\/revisions"}],"predecessor-version":[{"id":8326,"href":"https:\/\/ms-mil.de\/index.php?rest_route=\/wp\/v2\/pages\/935\/revisions\/8326"}],"wp:attachment":[{"href":"https:\/\/ms-mil.de\/index.php?rest_route=%2Fwp%2Fv2%2Fmedia&parent=935"}],"curies":[{"name":"wp","href":"https:\/\/api.w.org\/{rel}","templated":true}]}}