{"id":86,"date":"2017-09-25T17:34:09","date_gmt":"2017-09-25T15:34:09","guid":{"rendered":"https:\/\/ms-mil.de\/?page_id=86"},"modified":"2025-10-06T18:43:58","modified_gmt":"2025-10-06T16:43:58","slug":"impressum","status":"publish","type":"page","link":"https:\/\/ms-mil.de\/?page_id=86","title":{"rendered":"Impressum \/ Datenschutzerkl\u00e4rung"},"content":{"rendered":"<hr \/>\n<h2><strong>Impressum<\/strong><\/h2>\n<h4>Herausgeber<\/h4>\n<p>Mittelschule Miltenberg<br \/>\nLuitpoldstra\u00dfe 8<br \/>\n63897 Miltenberg<\/p>\n<p><span style=\"display: inline !important; float: none; background-color: transparent; color: #222222; font-family: 'Open Sans',Verdana,Geneva,'DejaVu Sans',sans-serif; font-size: 16px; font-style: normal; font-variant: normal; font-weight: 400; letter-spacing: normal; orphans: 2; text-align: left; text-decoration: none; text-indent: 0px; text-transform: none; -webkit-text-stroke-width: 0px; white-space: normal; word-spacing: 0px;\">Telefon: 09371 8962<\/span><br style=\"background-color: transparent; color: #222222; font-family: &amp;quot; open sans&amp;quot;,verdana,geneva,&amp;quot;dejavu sans&amp;quot;,sans-serif; font-size: 16px; font-style: normal; font-variant: normal; font-weight: 400; letter-spacing: normal; line-height: 28.8px; max-width: none; min-height: 0px; orphans: 2; overflow: visible; text-align: left; text-decoration: none; text-indent: 0px; text-transform: none; -webkit-text-stroke-width: 0px; white-space: normal; word-spacing: 0px; word-wrap: break-word; padding: 0px; margin: 0px;\" \/><span style=\"display: inline !important; float: none; background-color: transparent; color: #222222; font-family: 'Open Sans',Verdana,Geneva,'DejaVu Sans',sans-serif; font-size: 16px; font-style: normal; font-variant: normal; font-weight: 400; letter-spacing: normal; orphans: 2; text-align: left; text-decoration: none; text-indent: 0px; text-transform: none; -webkit-text-stroke-width: 0px; white-space: normal; word-spacing: 0px;\">Telefax: 09371 99662<\/span><br style=\"background-color: transparent; color: #222222; font-family: &amp;quot; open sans&amp;quot;,verdana,geneva,&amp;quot;dejavu sans&amp;quot;,sans-serif; font-size: 16px; font-style: normal; font-variant: normal; font-weight: 400; letter-spacing: normal; line-height: 28.8px; max-width: none; min-height: 0px; orphans: 2; overflow: visible; text-align: left; text-decoration: none; text-indent: 0px; text-transform: none; -webkit-text-stroke-width: 0px; white-space: normal; word-spacing: 0px; word-wrap: break-word; padding: 0px; margin: 0px;\" \/><span style=\"display: inline !important; float: none; background-color: transparent; color: #222222; font-family: 'Open Sans',Verdana,Geneva,'DejaVu Sans',sans-serif; font-size: 16px; font-style: normal; font-variant: normal; font-weight: 400; letter-spacing: normal; orphans: 2; text-align: left; text-decoration: none; text-indent: 0px; text-transform: none; -webkit-text-stroke-width: 0px; white-space: normal; word-spacing: 0px;\">E-Mail: verwaltung@ms-mil.de<\/span><b><\/b><i><\/i><u><\/u><\/p>\n<p><strong>Verantwortlich f\u00fcr den Inhalt<\/strong><\/p>\n<p>Michael Traut, Rektor<\/p>\n<h2><strong>Nutzungsbedingungen<\/strong><\/h2>\n<p>Texte, Bilder, Grafiken sowie die Gestaltung dieser Internetseiten k\u00f6nnen dem Urheberrecht unterliegen.<br \/>\nNicht urheberrechtlich gesch\u00fctzt sind nach \u00a7 5 des Urheberrechtsgesetz (UrhG)<br \/>\nGesetze, Verordnungen, amtliche Erlasse und Bekanntmachungen sowie Entscheidungen und amtlich verfasste Leits\u00e4tze zu Entscheidungen und<br \/>\nandere amtliche Werke, die im amtlichen Interesse zur allgemeinen Kenntnisnahme ver\u00f6ffentlicht worden sind, mit der Einschr\u00e4nkung, dass die Bestimmungen \u00fcber \u00c4nderungsverbot und Quellenangabe in \u00a7 62 Abs. 1 bis 3 und \u00a7 63 Abs. 1 und 2 UrhG entsprechend anzuwenden sind.<\/p>\n<p>Als Privatperson d\u00fcrfen Sie urheberrechtlich gesch\u00fctztes Material zum privaten und sonstigen eigenen Gebrauch im Rahmen des \u00a7 53 UrhG verwenden. Eine Vervielf\u00e4ltigung oder Verwendung urheberrechtlich gesch\u00fctzten Materials dieser Seiten oder Teilen davon in anderen elektronischen oder gedruckten Publikationen und deren Ver\u00f6ffentlichung ist nur mit unserer Einwilligung gestattet. Diese erteilen auf Anfrage die f\u00fcr den Inhalt Verantwortlichen. Der Nachdruck und die Auswertung von Pressemitteilungen und Reden sind mit Quellenangabe allgemein gestattet.<\/p>\n<p>Weiterhin k\u00f6nnen Texte, Bilder, Grafiken und sonstige Dateien ganz oder teilweise dem Urheberrecht Dritter unterliegen. Auch \u00fcber das Bestehen m\u00f6glicher Rechte Dritter geben Ihnen die f\u00fcr den Inhalt Verantwortlichen n\u00e4here Ausk\u00fcnfte.<\/p>\n<h2><strong>Haftungsausschluss<\/strong><\/h2>\n<p>Alle auf dieser Internetseite bereitgestellten Informationen haben wir nach bestem Wissen und Gewissen erarbeitet und gepr\u00fcft. Eine Gew\u00e4hr f\u00fcr die jederzeitige Aktualit\u00e4t, Richtigkeit, Vollst\u00e4ndigkeit und Verf\u00fcgbarkeit der bereit gestellten Informationen k\u00f6nnen wir allerdings nicht \u00fcbernehmen. Ein Vertragsverh\u00e4ltnis mit den Nutzern des Internetangebots kommt nicht zustande.<\/p>\n<p>Wir haften nicht f\u00fcr Sch\u00e4den, die durch die Nutzung dieses Internetangebots entstehen. Dieser Haftungsausschluss gilt nicht, soweit die Vorschriften des \u00a7 839 BGB (Haftung bei Amtspflichtverletzung) einschl\u00e4gig sind. F\u00fcr etwaige Sch\u00e4den, die beim Aufrufen oder Herunterladen von Daten durch Schadsoftware oder der Installation oder Nutzung von Software verursacht werden, wird nicht gehaftet.<\/p>\n<p>Falls im Einzelfall erforderlich: Der Haftungsausschluss gilt nicht f\u00fcr Informationen, die in den Anwendungsbereich der Europ\u00e4ischen Dienstleistungsrichtlinie (Richtlinie 2006\/123\/EG \u2013 DLRL) fallen. F\u00fcr diese Informationen wird die Richtigkeit und Aktualit\u00e4t gew\u00e4hrleistet.<\/p>\n<h2><strong>Links<\/strong><\/h2>\n<p>Von unseren eigenen Inhalten sind Querverweise (\u201eLinks\u201c) auf die Webseiten anderer Anbieter zu unterscheiden. Durch diese Links erm\u00f6glichen wir lediglich den Zugang zur Nutzung fremder Inhalte nach \u00a7 8 Telemediengesetz. Bei der erstmaligen Verkn\u00fcpfung mit diesen Internetangeboten haben wir diese fremden Inhalte daraufhin \u00fcberpr\u00fcft, ob durch sie eine m\u00f6gliche zivilrechtliche oder strafrechtliche Verantwortlichkeit ausgel\u00f6st wird. Wir k\u00f6nnen diese fremden Inhalte aber nicht st\u00e4ndig auf Ver\u00e4nderungen \u00fcberpr\u00fcfen und daher auch keine Verantwortung daf\u00fcr \u00fcbernehmen. F\u00fcr illegale, fehlerhafte oder unvollst\u00e4ndige Inhalte und insbesondere f\u00fcr Sch\u00e4den, die aus der Nutzung oder Nichtnutzung von Informationen Dritter entstehen, haftet allein der jeweilige Anbieter der Seite.<\/p>\n<h2><strong>Datenschutzerkl\u00e4rung<\/strong><\/h2>\n<p>Diese Datenschutzerkl\u00e4rung bezieht sich auf die Verarbeitung personenbezogener Daten im Rahmen dieses Internetauftritts, einschlie\u00dflich der dort angebotenen Dienste.<\/p>\n<p>F\u00fcr n\u00e4here Informationen zur Verarbeitung Ihrer personenbezogenen Daten k\u00f6nnen Sie uns unter den unten genannten Kontaktdaten erreichen.<\/p>\n<p><strong>Allgemeine Hinweise <\/strong><\/p>\n<p><strong>Name und Kontaktdaten des Verantwortlichen<\/strong><\/p>\n<p>Mittelschule Miltenberg<br \/>\nLuitpoldstra\u00dfe 8<br \/>\n63897 Miltenberg<\/p>\n<p>Telefon: 0 93 71 8962<br \/>\nTelefax: 0 93 71 99662<br \/>\nE-Mail: verwaltung@ms-mil.de<b><\/b><i><\/i><u><\/u><\/p>\n<p><strong><br \/>\nKontaktdaten des Datenschutzbeauftragten <\/strong><\/p>\n<p>Sie erreichen unseren beh\u00f6rdlichen Datenschutzbeauftragten unter:<\/p>\n<p>Der Beh\u00f6rdliche Datenschutzbeauftragte der Grund-, Mittel- und F\u00f6rderschulen<br \/>\nam Staatl. Schulamt Miltenberg<\/p>\n<p>Carolin Sickinger, Datenschutzbeauftragte<br \/>\nStaatl. Schulamt Miltenberg, F\u00e4hrweg 35, 63897 Miltenberg<br \/>\nE-Mail: datenschutz.schulen@schulamt-miltenberg.de<\/p>\n<p><strong>Zwecke und Rechtsgrundlagen f\u00fcr die Verarbeitung personenbezogener Daten<\/strong><\/p>\n<p>Zweck der Verarbeitung ist die Erf\u00fcllung der uns vom Gesetzgeber zugewiesenen \u00f6ffentlichen Aufgaben.<\/p>\n<p>Die Rechtsgrundlage f\u00fcr die Verarbeitung Ihrer Daten ergibt sich, soweit nichts anderes angegeben ist, aus Art. 4 Abs. 1 des Bayerischen Datenschutzgesetzes (BayDSG) in Verbindung mit Art. 6 Abs. 1 Buchstabe e der Datenschutzgrundverordnung (DSGVO). Demnach ist es uns erlaubt, die zur Erf\u00fcllung einer uns obliegenden Aufgabe erforderlichen Daten zu verarbeiten.<\/p>\n<p>Soweit Sie in eine Verarbeitung eingewilligt haben, st\u00fctzt sich die Datenverarbeitung auf Art. 6 Abs. 1 Buchstabe a DSGVO.<\/p>\n<p><strong>Empf\u00e4nger von personenbezogenen Daten <\/strong><\/p>\n<p>Soweit Ihre Daten elektronisch verarbeitet werden, erfolgt der technische Betrieb unserer Datenverarbeitungssysteme durch<\/p>\n<p><span style=\"display: inline !important; float: none; background-color: transparent; color: #222222; cursor: text; font-family: 'Open Sans',Verdana,Geneva,'DejaVu Sans',sans-serif; font-size: 16px; font-style: normal; font-variant: normal; font-weight: 400; letter-spacing: normal; orphans: 2; text-align: left; text-decoration: none; text-indent: 0px; text-transform: none; -webkit-text-stroke-width: 0px; white-space: normal; word-spacing: 0px;\">Webhoster.de Aktiengesellschaft<\/span><br \/>\n<span style=\"display: inline !important; float: none; background-color: transparent; color: #222222; cursor: text; font-family: 'Open Sans',Verdana,Geneva,'DejaVu Sans',sans-serif; font-size: 16px; font-style: normal; font-variant: normal; font-weight: 400; letter-spacing: normal; orphans: 2; text-align: left; text-decoration: none; text-indent: 0px; text-transform: none; -webkit-text-stroke-width: 0px; white-space: normal; word-spacing: 0px;\">Zum Haunert 22<\/span><br \/>\n<span style=\"display: inline !important; float: none; background-color: transparent; color: #222222; cursor: text; font-family: 'Open Sans',Verdana,Geneva,'DejaVu Sans',sans-serif; font-size: 16px; font-style: normal; font-variant: normal; font-weight: 400; letter-spacing: normal; orphans: 2; text-align: left; text-decoration: none; text-indent: 0px; text-transform: none; -webkit-text-stroke-width: 0px; white-space: normal; word-spacing: 0px;\">59519 M\u00f6hnsee<\/span><\/p>\n<p>Gegebenenfalls werden Ihre Daten an die zust\u00e4ndigen Aufsichts- und Rechnungspr\u00fcfungsbeh\u00f6rden zur Wahrnehmung der jeweiligen Kontrollrechte \u00fcbermittelt.<\/p>\n<p>Zur Abwehr von Gefahren f\u00fcr die Sicherheit in der Informationstechnik k\u00f6nnen Protokolldaten auf Grundlage von Art. 12 des Bayerischen E-Government-Gesetzes an das Landesamt f\u00fcr Sicherheit in der Informationstechnik weitergeleitet werden (n\u00e4heres siehe unter \u201eProtokollierung\u201c).<\/p>\n<p><strong>Dauer der Speicherung der personenbezogenen Daten <\/strong><\/p>\n<p>Ihre Daten werden nur so lange gespeichert, wie dies unter Beachtung gesetzlicher Aufbewahrungsfristen f\u00fcr zur Aufgabenerf\u00fcllung erforderlich ist.<\/p>\n<p><strong>Rechte der betroffenen Person<\/strong><\/p>\n<p>Soweit wir von Ihnen personenbezogene Daten verarbeiten, stehen Ihnen als Betroffener nachfolgende Rechte zu:<\/p>\n<ul>\n<li>Werden Ihre personenbezogenen Daten verarbeitet, so haben Sie das Recht, Auskunft \u00fcber die zu Ihrer Person gespeicherten Daten zu erhalten (Art. 15 DSGVO).<\/li>\n<li>Sollten unrichtige personenbezogene Daten verarbeitet werden, steht Ihnen ein Recht auf Berichtigung zu (Art. 16 DSGVO).<\/li>\n<li>Liegen die gesetzlichen Voraussetzungen vor, so k\u00f6nnen Sie die L\u00f6schung oder Einschr\u00e4nkung der Verarbeitung verlangen, sowie Widerspruch gegen die Verarbeitung einlegen (Art. 17, 18 und 21 DSGVO).<\/li>\n<li>Wenn Sie in die Verarbeitung eingewilligt haben oder ein Vertrag zur Datenverarbeitung besteht und die Datenverarbeitung mithilfe automatisierter Verfahren durchgef\u00fchrt wird, steht Ihnen gegebenenfalls ein Recht auf Daten\u00fcbertragbarkeit zu (Art. 20 DSGVO).<\/li>\n<li>Falls Sie in die Verarbeitung eingewilligt haben und die Verarbeitung auf dieser Einwilligung beruht, k\u00f6nnen Sie die Einwilligung jederzeit f\u00fcr die Zukunft widerrufen. Die Rechtm\u00e4\u00dfigkeit der aufgrund der Einwilligung bis zum Widerruf erfolgten Datenverarbeitung wird durch diesen nicht ber\u00fchrt.<\/li>\n<\/ul>\n<p>Ausf\u00fchrlichere Informationen zu diesen Rechten erteilt Ihnen auch unser beh\u00f6rdlicher Datenschutzbeauftragter.<\/p>\n<p><strong>Beschwerderecht bei der Aufsichtsbeh\u00f6rde<\/strong><\/p>\n<p>Weiterhin besteht ein Beschwerderecht beim Bayerischen Landesbeauftragten f\u00fcr den Datenschutz. Diesen k\u00f6nnen Sie unter folgenden Kontaktdaten erreichen:<\/p>\n<p>Postanschrift: Postfach 22 12 19, 80502 M\u00fcnchen<\/p>\n<p>Adresse:\u00a0 Wagm\u00fcllerstra\u00dfe 18, 80538 M\u00fcnchen<br \/>\nTelefon: 089 212672-0<br \/>\nTelefax:\u00a0 089 212672-50<br \/>\nE-Mail:\u00a0 poststelle@datenschutz-bayern.de<br \/>\nInternet: https:\/\/www.datenschutz-bayern.de\/<\/p>\n<h3><strong>Besondere Hinweise zum Internetangebot<\/strong><\/h3>\n<p><strong>Technische Umsetzung<\/strong><\/p>\n<p>Unser Webserver wird durch webhoster.de AG betrieben. Die von Ihnen im Rahmen des Besuchs unseres Webauftritts \u00fcbermittelten personenbezogenen Daten werden daher in unserem Auftrag durch webhoster.de AG verarbeitet:<\/p>\n<p>Webhoster.de Aktiengesellschaft<br \/>\nPostanschrift: Zum Haunert 22, 59519 M\u00f6hnsee<br \/>\nE-Mail: info@webhoster.de<\/p>\n<p><strong>Protokollierung<\/strong><\/p>\n<p>Wenn Sie diese oder andere Internetseiten aufrufen, \u00fcbermitteln Sie \u00fcber Ihren Internetbrowser Daten an unseren Webserver. Die folgenden Daten werden w\u00e4hrend einer laufenden Verbindung zur Kommunikation zwischen Ihrem Internetbrowser und unserem Webserver aufgezeichnet:<\/p>\n<ul>\n<li>Datum und Uhrzeit der Anforderung<\/li>\n<li>Name der angeforderten Datei<\/li>\n<li>Seite, von der aus die Datei angefordert wurde<\/li>\n<li>Zugriffsstatus (Datei \u00fcbertragen, Datei nicht gefunden, etc.)<\/li>\n<li>verwendete Webbrowser und verwendetes Betriebssystem<\/li>\n<li>vollst\u00e4ndige IP-Adresse des anfordernden Rechners<\/li>\n<li>\u00fcbertragene Datenmenge.<\/li>\n<\/ul>\n<p>Nach Ende der Verbindung werden diese Daten gel\u00f6scht oder durch Verk\u00fcrzung der IP-Adresse auf Domain-Ebene anonymisiert, so dass es nicht mehr m\u00f6glich ist, einen Bezug auf einzelne Nutzer herzustellen.<\/p>\n<p><strong>Aktive Komponenten<\/strong><\/p>\n<p>Im Informationsangebot der Mittelschule Miltenberg werden aktive Komponenten wie Javascript, Java-Applets oder Active-X-Controls verwendet. Diese Funktion kann durch die Einstellung Ihres Internetbrowsers von Ihnen abgeschaltet werden.<\/p>\n<p><strong>Cookies<\/strong><\/p>\n<p>Beim Zugriff auf dieses Internetangebot werden von uns Cookies (kleine Dateien) auf Ihrer Festplatte gespeichert, die f\u00fcr die Dauer Ihres Besuches auf der Internetseite g\u00fcltig sind. Wir verwenden diese ausschlie\u00dflich dazu, Sie w\u00e4hrend Ihres Besuchs unserer Internetseite zu identifizieren. Die meisten Browser sind so eingestellt, dass sie die Verwendung von Cookies akzeptieren, diese Funktion kann aber durch die Einstellung des Internetbrowsers von Ihnen f\u00fcr die laufende Sitzung oder dauerhaft abgeschaltet werden. Nach Ende Ihres Besuches werden diese Cookies automatisch wieder von Ihrer Festplatte gel\u00f6scht.<\/p>\n<p><strong>Einbindung von YouTube-Videos und SocialPlugins <\/strong><\/p>\n<p>Beim Besuch unserer Internetseite werden \u00fcber eine sogenannte Zwei-Klick-L\u00f6sung Zusatzdienste von YouTube und SocialPlugins (z.B. Twitter, Facebook und Google+) angeboten. Beim ersten Aufruf der Website werden keine Daten an die Betreiber \u00fcbermittelt. Erst nachdem die Nutzer auf <a href=\"http:\/\/www.bayern.de\/\">ms-mil.de<\/a> durch einen entsprechenden Klick in das Opt-In-Verfahren eingewilligt haben, werden ab sofort und bei jedem weiteren Besuch Daten (unter anderem die URL der aktuellen Seite sowie die IP-Adresse des Nutzers) an den jeweiligen Betreiber \u00fcbertragen. Als Nutzer k\u00f6nnen Sie damit selbst entscheiden, ob sie der Aktivierung dieser Angebote und der Daten\u00fcbermittlung zustimmen. Der Nutzer kann diese Einwilligung jederzeit widerrufen und durch den entsprechenden Klick auf der Homepage die weitere Daten\u00fcbermittlung an die Betreiber unterbinden (Opt-In-Verfahren).<\/p>\n<p><strong>Auswertung des Nutzerverhaltens (Webtracking-Systeme; Reichweitenmessung) <\/strong><\/p>\n<p>Programme zur Auswertung des Nutzerverhaltens werden von uns nicht eingesetzt.<\/p>\n<p><strong>Elektronische Post (E-Mail)<\/strong><\/p>\n<p>Informationen, die Sie unverschl\u00fcsselt per Elektronische Post (E-Mail) an uns senden, k\u00f6nnen m\u00f6glicherweise auf dem \u00dcbertragungsweg von Dritten gelesen werden. Wir k\u00f6nnen in der Regel auch Ihre Identit\u00e4t nicht \u00fcberpr\u00fcfen und wissen nicht, wer sich hinter einer E-Mail-Adresse verbirgt. Eine rechtssichere Kommunikation durch einfache E-Mail ist daher nicht gew\u00e4hrleistet. Wir setzen - wie viele E-Mail-Anbieter - Filter gegen unerw\u00fcnschte Werbung (\u201eSPAM-Filter\u201c) ein, die in seltenen F\u00e4llen auch normale E-Mails f\u00e4lschlicherweise automatisch als unerw\u00fcnschte Werbung einordnen und l\u00f6schen. E-Mails, die sch\u00e4digende Programme (\u201eViren\u201c) enthalten, werden von uns in jedem Fall automatisch gel\u00f6scht.<\/p>\n<p>Wenn Sie schutzw\u00fcrdige Nachrichten an uns senden wollen, empfehlen wir, diese auf konventionellem Postwege an uns zu senden.<\/p>\n<p>Wir bitten Sie, uns zur Beantwortung Ihrer schutzw\u00fcrdiger Nachrichten Ihre Postanschrift zu nennen.<\/p>\n<p><strong>Fotoaufnahmen<\/strong><\/p>\n<p>Im Rahmen unserer Presse- und \u00d6ffentlichkeitsarbeit werden bei Veranstaltungen und Terminen Fotos aufgenommen, auf denen Sie gegebenenfalls erkennbar zu sehen sind. Der Aufnahme und\/oder einer Ver\u00f6ffentlichung k\u00f6nnen Sie widersprechen.<\/p>\n<p>Bitte nutzten Sie f\u00fcr Ihren Widerspruch die oben genannten Kontaktdaten.<\/p>\n<hr \/>\n<h4><\/h4>\n<p><span style=\"font-size: 8pt;\"><a href=\"#impressum\">nach oben<\/a><\/span><\/p>\n","protected":false},"excerpt":{"rendered":"<p>Impressum Herausgeber Mittelschule Miltenberg Luitpoldstra\u00dfe 8 63897 Miltenberg Telefon: 09371 8962Telefax: 09371 99662E-Mail: verwaltung@ms-mil.de Verantwortlich f\u00fcr den Inhalt Michael Traut, Rektor Nutzungsbedingungen Texte, Bilder, Grafiken sowie die Gestaltung dieser Internetseiten k\u00f6nnen dem Urheberrecht unterliegen. Nicht urheberrechtlich gesch\u00fctzt sind nach \u00a7 5 des Urheberrechtsgesetz (UrhG) Gesetze, Verordnungen, amtliche Erlasse und Bekanntmachungen sowie Entscheidungen und amtlich verfasste <a href=\"https:\/\/ms-mil.de\/?page_id=86\" class=\"more-link\">...weiterlesen<span class=\"screen-reader-text\"> \"Impressum \/ Datenschutzerkl\u00e4rung\"<\/span><\/a><\/p>\n","protected":false},"author":3,"featured_media":0,"parent":0,"menu_order":1,"comment_status":"closed","ping_status":"open","template":"","meta":[],"_links":{"self":[{"href":"https:\/\/ms-mil.de\/index.php?rest_route=\/wp\/v2\/pages\/86"}],"collection":[{"href":"https:\/\/ms-mil.de\/index.php?rest_route=\/wp\/v2\/pages"}],"about":[{"href":"https:\/\/ms-mil.de\/index.php?rest_route=\/wp\/v2\/types\/page"}],"author":[{"embeddable":true,"href":"https:\/\/ms-mil.de\/index.php?rest_route=\/wp\/v2\/users\/3"}],"replies":[{"embeddable":true,"href":"https:\/\/ms-mil.de\/index.php?rest_route=%2Fwp%2Fv2%2Fcomments&post=86"}],"version-history":[{"count":17,"href":"https:\/\/ms-mil.de\/index.php?rest_route=\/wp\/v2\/pages\/86\/revisions"}],"predecessor-version":[{"id":8216,"href":"https:\/\/ms-mil.de\/index.php?rest_route=\/wp\/v2\/pages\/86\/revisions\/8216"}],"wp:attachment":[{"href":"https:\/\/ms-mil.de\/index.php?rest_route=%2Fwp%2Fv2%2Fmedia&parent=86"}],"curies":[{"name":"wp","href":"https:\/\/api.w.org\/{rel}","templated":true}]}}