{"id":805,"date":"2019-01-30T12:03:49","date_gmt":"2019-01-30T11:03:49","guid":{"rendered":"https:\/\/ms-mil.de\/?page_id=805"},"modified":"2025-12-19T08:17:32","modified_gmt":"2025-12-19T07:17:32","slug":"lehrerkollegium-2018-2019","status":"publish","type":"page","link":"https:\/\/ms-mil.de\/?page_id=805","title":{"rendered":"Lehrerkollegium 2025\/2026 \/ Sprechzeiten"},"content":{"rendered":"\n\n\n<figure class=\"wp-block-image size-large\"><img decoding=\"async\" loading=\"lazy\" width=\"1024\" height=\"581\" src=\"https:\/\/ms-mil.de\/wp-content\/uploads\/2025\/09\/Ausdruck-1024x581.jpeg\" alt=\"\" class=\"wp-image-8205\" srcset=\"https:\/\/ms-mil.de\/wp-content\/uploads\/2025\/09\/Ausdruck-1024x581.jpeg 1024w, https:\/\/ms-mil.de\/wp-content\/uploads\/2025\/09\/Ausdruck-300x170.jpeg 300w, https:\/\/ms-mil.de\/wp-content\/uploads\/2025\/09\/Ausdruck-768x436.jpeg 768w, https:\/\/ms-mil.de\/wp-content\/uploads\/2025\/09\/Ausdruck-1536x872.jpeg 1536w, https:\/\/ms-mil.de\/wp-content\/uploads\/2025\/09\/Ausdruck-960x545.jpeg 960w, https:\/\/ms-mil.de\/wp-content\/uploads\/2025\/09\/Ausdruck.jpeg 1750w\" sizes=\"(max-width: 1024px) 100vw, 1024px\" \/><\/figure>\n\n\n\n<table style=\"border-collapse: collapse; width: 100%; height: 391px;\">\n<tbody>\n<tr style=\"height: 23px;\">\n<td style=\"width: 33.3333%; height: 23px;\">Name Lehrkraft<\/td>\n<td style=\"width: 33.3333%; height: 23px;\">Klasse \/ Fach<\/td>\n<td style=\"width: 33.3333%; height: 23px;\">Sprechstunde<\/td>\n<\/tr>\n<tr style=\"height: 23px;\">\n<td style=\"width: 33.3333%; height: 23px;\">H\u00fcbner, Stefanie<\/td>\n<td style=\"width: 33.3333%; height: 23px;\">5a<\/td>\n<td style=\"width: 33.3333%; height: 23px;\">Mittwoch 11:30h - 12:15h<\/td>\n<\/tr>\n<tr style=\"height: 23px;\">\n<td style=\"width: 33.3333%; height: 23px;\">M\u00fcller, Saskia<\/td>\n<td style=\"width: 33.3333%; height: 23px;\">6a<\/td>\n<td style=\"width: 33.3333%; height: 23px;\">Donnerstag 09:45h - 10:30h<\/td>\n<\/tr>\n<tr style=\"height: 23px;\">\n<td style=\"width: 33.3333%; height: 23px;\">Godin, Martin<\/td>\n<td style=\"width: 33.3333%; height: 23px;\">6b<\/td>\n<td style=\"width: 33.3333%; height: 23px;\">Montag 11:30h - 12:15h<\/td>\n<\/tr>\n<tr style=\"height: 23px;\">\n<td style=\"width: 33.3333%; height: 23px;\">K\u00fchnberger, Martin<\/td>\n<td style=\"width: 33.3333%; height: 23px;\">7a<\/td>\n<td style=\"width: 33.3333%; height: 23px;\">Montag 09:45 - 10:30h<\/td>\n<\/tr>\n<tr style=\"height: 23px;\">\n<td style=\"width: 33.3333%; height: 23px;\">Eckerlein, Carolin<\/td>\n<td style=\"width: 33.3333%; height: 23px;\">7bM<\/td>\n<td style=\"width: 33.3333%; height: 23px;\">Dienstag 09:45h - 10:30h<\/td>\n<\/tr>\n<tr style=\"height: 23px;\">\n<td style=\"width: 33.3333%; height: 23px;\">Hertlein, Vanessa<\/td>\n<td style=\"width: 33.3333%; height: 23px;\">8a<\/td>\n<td style=\"width: 33.3333%; height: 23px;\">Freitag 09:45h - 10:30h<\/td>\n<\/tr>\n<tr style=\"height: 23px;\">\n<td style=\"width: 33.3333%; height: 23px;\">Dannhardt, Klaus<\/td>\n<td style=\"width: 33.3333%; height: 23px;\">8bM<\/td>\n<td style=\"width: 33.3333%; height: 23px;\">Freitag 10:30h - 11:15h<\/td>\n<\/tr>\n<tr style=\"height: 23px;\">\n<td style=\"width: 33.3333%; height: 23px;\">Brand, Lena<\/td>\n<td style=\"width: 33.3333%; height: 23px;\">9a<\/td>\n<td style=\"width: 33.3333%; height: 23px;\">Donnerstag 11:30h - 12:15h<\/td>\n<\/tr>\n<tr style=\"height: 23px;\">\n<td style=\"width: 33.3333%; height: 23px;\">Maas, Kerstin<\/td>\n<td style=\"width: 33.3333%; height: 23px;\">9bM<\/td>\n<td style=\"width: 33.3333%; height: 23px;\">Montag 08:45h - 09:30h<\/td>\n<\/tr>\n<tr style=\"height: 23px;\">\n<td style=\"width: 33.3333%; height: 23px;\">Geis, Vera<\/td>\n<td style=\"width: 33.3333%; height: 23px;\">10aM<\/td>\n<td style=\"width: 33.3333%; height: 23px;\">Freitag 09:45h - 10:30h<\/td>\n<\/tr>\n<tr style=\"height: 23px;\">\n<td style=\"width: 33.3333%; height: 23px;\">Desch, Kirsten<\/td>\n<td style=\"width: 33.3333%; height: 23px;\">10bM<\/td>\n<td style=\"width: 33.3333%; height: 23px;\">Freitag 08:45h - 09:30h<\/td>\n<\/tr>\n<tr>\n<td style=\"width: 33.3333%;\">Kara, B\u00fcsra<\/td>\n<td style=\"width: 33.3333%;\">Deutschklasse<\/td>\n<td style=\"width: 33.3333%;\">nach Vereinbarung<\/td>\n<\/tr>\n<tr style=\"height: 23px;\">\n<td style=\"width: 33.3333%; height: 23px;\">H\u00f6ring, Alexander<\/td>\n<td style=\"width: 33.3333%; height: 23px;\">Technik, Kunst<\/td>\n<td style=\"width: 33.3333%; height: 23px;\">nach Vereinbarung<\/td>\n<\/tr>\n<tr style=\"height: 23px;\">\n<td style=\"width: 33.3333%; height: 23px;\">Kutsche, Jennifer<\/td>\n<td style=\"width: 33.3333%; height: 23px;\">Ern\u00e4hrung und Soziales<\/td>\n<td style=\"width: 33.3333%; height: 23px;\">nach Vereinbarung<\/td>\n<\/tr>\n<tr style=\"height: 23px;\">\n<td style=\"width: 33.3333%; height: 23px;\">Schlegel, Susanne<\/td>\n<td style=\"width: 33.3333%; height: 23px;\">Ern\u00e4hrung und Soziales<\/td>\n<td style=\"width: 33.3333%; height: 23px;\">nach Vereinbarung<\/td>\n<\/tr>\n<tr style=\"height: 23px;\">\n<td style=\"width: 33.3333%; height: 23px;\">Onorato, Annika<\/td>\n<td style=\"width: 33.3333%; height: 23px;\">Sport, Englisch, Ethik<\/td>\n<td style=\"width: 33.3333%; height: 23px;\">nach Vereinbarung<\/td>\n<\/tr>\n<tr>\n<td style=\"width: 33.3333%;\">Koch, Maximilian<\/td>\n<td style=\"width: 33.3333%;\">Technik, Kunst, WiK<\/td>\n<td style=\"width: 33.3333%;\">nach Vereinbarung<\/td>\n<\/tr>\n<tr style=\"height: 23px;\">\n<td style=\"width: 33.3333%; height: 23px;\">Winkler, Marion<\/td>\n<td style=\"width: 33.3333%; height: 23px;\">Wirtschaft und Kommunikation<\/td>\n<td style=\"width: 33.3333%; height: 23px;\">nach Vereinbarung<\/td>\n<\/tr>\n<\/tbody>\n<\/table>\n","protected":false},"excerpt":{"rendered":"<p>Name Lehrkraft Klasse \/ Fach Sprechstunde H\u00fcbner, Stefanie 5a Mittwoch 11:30h - 12:15h M\u00fcller, Saskia 6a Donnerstag 09:45h - 10:30h Godin, Martin 6b Montag 11:30h - 12:15h K\u00fchnberger, Martin 7a Montag 09:45 - 10:30h Eckerlein, Carolin 7bM Dienstag 09:45h - 10:30h Hertlein, Vanessa 8a Freitag 09:45h - 10:30h Dannhardt, Klaus 8bM Freitag 10:30h - 11:15h <a href=\"https:\/\/ms-mil.de\/?page_id=805\" class=\"more-link\">...weiterlesen<span class=\"screen-reader-text\"> \"Lehrerkollegium 2025\/2026 \/ Sprechzeiten\"<\/span><\/a><\/p>\n","protected":false},"author":3,"featured_media":0,"parent":51,"menu_order":0,"comment_status":"closed","ping_status":"closed","template":"","meta":[],"_links":{"self":[{"href":"https:\/\/ms-mil.de\/index.php?rest_route=\/wp\/v2\/pages\/805"}],"collection":[{"href":"https:\/\/ms-mil.de\/index.php?rest_route=\/wp\/v2\/pages"}],"about":[{"href":"https:\/\/ms-mil.de\/index.php?rest_route=\/wp\/v2\/types\/page"}],"author":[{"embeddable":true,"href":"https:\/\/ms-mil.de\/index.php?rest_route=\/wp\/v2\/users\/3"}],"replies":[{"embeddable":true,"href":"https:\/\/ms-mil.de\/index.php?rest_route=%2Fwp%2Fv2%2Fcomments&post=805"}],"version-history":[{"count":9,"href":"https:\/\/ms-mil.de\/index.php?rest_route=\/wp\/v2\/pages\/805\/revisions"}],"predecessor-version":[{"id":8281,"href":"https:\/\/ms-mil.de\/index.php?rest_route=\/wp\/v2\/pages\/805\/revisions\/8281"}],"up":[{"embeddable":true,"href":"https:\/\/ms-mil.de\/index.php?rest_route=\/wp\/v2\/pages\/51"}],"wp:attachment":[{"href":"https:\/\/ms-mil.de\/index.php?rest_route=%2Fwp%2Fv2%2Fmedia&parent=805"}],"curies":[{"name":"wp","href":"https:\/\/api.w.org\/{rel}","templated":true}]}}