{"id":769,"date":"2019-01-30T10:31:05","date_gmt":"2019-01-30T09:31:05","guid":{"rendered":"https:\/\/ms-mil.de\/?page_id=769"},"modified":"2019-01-31T20:00:07","modified_gmt":"2019-01-31T19:00:07","slug":"mit-der-kunst-ins-schulhaus","status":"publish","type":"page","link":"https:\/\/ms-mil.de\/?page_id=769","title":{"rendered":"Mit der Kunst ins Schulhaus"},"content":{"rendered":"\n<p>Ausw\u00e4hlen, Passepartout schneiden, Einrahmen und Aufh\u00e4ngen.<br>Die Sch\u00fcler freuen sich, wenn sie ihre k\u00fcnstlerischen Werke im Schulhaus entdecken. F\u00fcr alle am Schulleben Beteiligte ist das eine tolle Sache.<\/p>\n\n\n\n<ul class=\"wp-block-gallery columns-3 is-cropped wp-block-gallery-1 is-layout-flex\"><li class=\"blocks-gallery-item\"><figure><img decoding=\"async\" loading=\"lazy\" width=\"1024\" height=\"768\" src=\"https:\/\/ms-mil.de\/wp-content\/uploads\/2019\/01\/IMG_5620-1024x768.jpg\" alt=\"\" data-id=\"770\" data-link=\"https:\/\/ms-mil.de\/?attachment_id=770\" class=\"wp-image-770\" srcset=\"https:\/\/ms-mil.de\/wp-content\/uploads\/2019\/01\/IMG_5620-1024x768.jpg 1024w, https:\/\/ms-mil.de\/wp-content\/uploads\/2019\/01\/IMG_5620-300x225.jpg 300w, https:\/\/ms-mil.de\/wp-content\/uploads\/2019\/01\/IMG_5620-768x576.jpg 768w, https:\/\/ms-mil.de\/wp-content\/uploads\/2019\/01\/IMG_5620-960x720.jpg 960w\" sizes=\"(max-width: 1024px) 100vw, 1024px\" \/><\/figure><\/li><li class=\"blocks-gallery-item\"><figure><img decoding=\"async\" loading=\"lazy\" width=\"1024\" height=\"768\" src=\"https:\/\/ms-mil.de\/wp-content\/uploads\/2019\/01\/IMG_5621-1024x768.jpg\" alt=\"\" data-id=\"771\" data-link=\"https:\/\/ms-mil.de\/?attachment_id=771\" class=\"wp-image-771\" srcset=\"https:\/\/ms-mil.de\/wp-content\/uploads\/2019\/01\/IMG_5621-1024x768.jpg 1024w, https:\/\/ms-mil.de\/wp-content\/uploads\/2019\/01\/IMG_5621-300x225.jpg 300w, https:\/\/ms-mil.de\/wp-content\/uploads\/2019\/01\/IMG_5621-768x576.jpg 768w, https:\/\/ms-mil.de\/wp-content\/uploads\/2019\/01\/IMG_5621-960x720.jpg 960w\" sizes=\"(max-width: 1024px) 100vw, 1024px\" \/><\/figure><\/li><li class=\"blocks-gallery-item\"><figure><img decoding=\"async\" loading=\"lazy\" width=\"1024\" height=\"768\" src=\"https:\/\/ms-mil.de\/wp-content\/uploads\/2019\/01\/IMG_5622-1024x768.jpg\" alt=\"\" data-id=\"772\" data-link=\"https:\/\/ms-mil.de\/?attachment_id=772\" class=\"wp-image-772\" srcset=\"https:\/\/ms-mil.de\/wp-content\/uploads\/2019\/01\/IMG_5622-1024x768.jpg 1024w, https:\/\/ms-mil.de\/wp-content\/uploads\/2019\/01\/IMG_5622-300x225.jpg 300w, https:\/\/ms-mil.de\/wp-content\/uploads\/2019\/01\/IMG_5622-768x576.jpg 768w, https:\/\/ms-mil.de\/wp-content\/uploads\/2019\/01\/IMG_5622-960x720.jpg 960w\" sizes=\"(max-width: 1024px) 100vw, 1024px\" \/><\/figure><\/li><li class=\"blocks-gallery-item\"><figure><img decoding=\"async\" loading=\"lazy\" width=\"768\" height=\"1024\" src=\"https:\/\/ms-mil.de\/wp-content\/uploads\/2019\/01\/IMG_5623-768x1024.jpg\" alt=\"\" data-id=\"773\" data-link=\"https:\/\/ms-mil.de\/?attachment_id=773\" class=\"wp-image-773\" srcset=\"https:\/\/ms-mil.de\/wp-content\/uploads\/2019\/01\/IMG_5623-768x1024.jpg 768w, https:\/\/ms-mil.de\/wp-content\/uploads\/2019\/01\/IMG_5623-225x300.jpg 225w, https:\/\/ms-mil.de\/wp-content\/uploads\/2019\/01\/IMG_5623-960x1280.jpg 960w\" sizes=\"(max-width: 768px) 100vw, 768px\" \/><\/figure><\/li><li class=\"blocks-gallery-item\"><figure><img decoding=\"async\" loading=\"lazy\" width=\"1024\" height=\"768\" src=\"https:\/\/ms-mil.de\/wp-content\/uploads\/2019\/01\/IMG_5624-1024x768.jpg\" alt=\"\" data-id=\"774\" data-link=\"https:\/\/ms-mil.de\/?attachment_id=774\" class=\"wp-image-774\" srcset=\"https:\/\/ms-mil.de\/wp-content\/uploads\/2019\/01\/IMG_5624-1024x768.jpg 1024w, https:\/\/ms-mil.de\/wp-content\/uploads\/2019\/01\/IMG_5624-300x225.jpg 300w, https:\/\/ms-mil.de\/wp-content\/uploads\/2019\/01\/IMG_5624-768x576.jpg 768w, https:\/\/ms-mil.de\/wp-content\/uploads\/2019\/01\/IMG_5624-960x720.jpg 960w\" sizes=\"(max-width: 1024px) 100vw, 1024px\" \/><\/figure><\/li><li class=\"blocks-gallery-item\"><figure><img decoding=\"async\" loading=\"lazy\" width=\"1024\" height=\"768\" src=\"https:\/\/ms-mil.de\/wp-content\/uploads\/2019\/01\/IMG_5625-1024x768.jpg\" alt=\"\" data-id=\"775\" data-link=\"https:\/\/ms-mil.de\/?attachment_id=775\" class=\"wp-image-775\" srcset=\"https:\/\/ms-mil.de\/wp-content\/uploads\/2019\/01\/IMG_5625-1024x768.jpg 1024w, https:\/\/ms-mil.de\/wp-content\/uploads\/2019\/01\/IMG_5625-300x225.jpg 300w, https:\/\/ms-mil.de\/wp-content\/uploads\/2019\/01\/IMG_5625-768x576.jpg 768w, https:\/\/ms-mil.de\/wp-content\/uploads\/2019\/01\/IMG_5625-960x720.jpg 960w\" sizes=\"(max-width: 1024px) 100vw, 1024px\" \/><\/figure><\/li><li class=\"blocks-gallery-item\"><figure><img decoding=\"async\" loading=\"lazy\" width=\"768\" height=\"1024\" src=\"https:\/\/ms-mil.de\/wp-content\/uploads\/2019\/01\/IMG_5626-768x1024.jpg\" alt=\"\" data-id=\"776\" data-link=\"https:\/\/ms-mil.de\/?attachment_id=776\" class=\"wp-image-776\" srcset=\"https:\/\/ms-mil.de\/wp-content\/uploads\/2019\/01\/IMG_5626-768x1024.jpg 768w, https:\/\/ms-mil.de\/wp-content\/uploads\/2019\/01\/IMG_5626-225x300.jpg 225w, https:\/\/ms-mil.de\/wp-content\/uploads\/2019\/01\/IMG_5626-960x1280.jpg 960w\" sizes=\"(max-width: 768px) 100vw, 768px\" \/><\/figure><\/li><li class=\"blocks-gallery-item\"><figure><img decoding=\"async\" loading=\"lazy\" width=\"1024\" height=\"768\" src=\"https:\/\/ms-mil.de\/wp-content\/uploads\/2019\/01\/IMG_5627-1024x768.jpg\" alt=\"\" data-id=\"777\" data-link=\"https:\/\/ms-mil.de\/?attachment_id=777\" class=\"wp-image-777\" srcset=\"https:\/\/ms-mil.de\/wp-content\/uploads\/2019\/01\/IMG_5627-1024x768.jpg 1024w, https:\/\/ms-mil.de\/wp-content\/uploads\/2019\/01\/IMG_5627-300x225.jpg 300w, https:\/\/ms-mil.de\/wp-content\/uploads\/2019\/01\/IMG_5627-768x576.jpg 768w, https:\/\/ms-mil.de\/wp-content\/uploads\/2019\/01\/IMG_5627-960x720.jpg 960w\" sizes=\"(max-width: 1024px) 100vw, 1024px\" \/><\/figure><\/li><li class=\"blocks-gallery-item\"><figure><img decoding=\"async\" loading=\"lazy\" width=\"1024\" height=\"768\" src=\"https:\/\/ms-mil.de\/wp-content\/uploads\/2019\/01\/IMG_5628-1024x768.jpg\" alt=\"\" data-id=\"778\" data-link=\"https:\/\/ms-mil.de\/?attachment_id=778\" class=\"wp-image-778\" srcset=\"https:\/\/ms-mil.de\/wp-content\/uploads\/2019\/01\/IMG_5628-1024x768.jpg 1024w, https:\/\/ms-mil.de\/wp-content\/uploads\/2019\/01\/IMG_5628-300x225.jpg 300w, https:\/\/ms-mil.de\/wp-content\/uploads\/2019\/01\/IMG_5628-768x576.jpg 768w, https:\/\/ms-mil.de\/wp-content\/uploads\/2019\/01\/IMG_5628-960x720.jpg 960w\" sizes=\"(max-width: 1024px) 100vw, 1024px\" \/><\/figure><\/li><li class=\"blocks-gallery-item\"><figure><img decoding=\"async\" loading=\"lazy\" width=\"1024\" height=\"768\" src=\"https:\/\/ms-mil.de\/wp-content\/uploads\/2019\/01\/IMG_5629-1024x768.jpg\" alt=\"\" data-id=\"779\" data-link=\"https:\/\/ms-mil.de\/?attachment_id=779\" class=\"wp-image-779\" srcset=\"https:\/\/ms-mil.de\/wp-content\/uploads\/2019\/01\/IMG_5629-1024x768.jpg 1024w, https:\/\/ms-mil.de\/wp-content\/uploads\/2019\/01\/IMG_5629-300x225.jpg 300w, https:\/\/ms-mil.de\/wp-content\/uploads\/2019\/01\/IMG_5629-768x576.jpg 768w, https:\/\/ms-mil.de\/wp-content\/uploads\/2019\/01\/IMG_5629-960x720.jpg 960w\" sizes=\"(max-width: 1024px) 100vw, 1024px\" \/><\/figure><\/li><li class=\"blocks-gallery-item\"><figure><img decoding=\"async\" loading=\"lazy\" width=\"1024\" height=\"768\" src=\"https:\/\/ms-mil.de\/wp-content\/uploads\/2019\/01\/IMG_5630-1024x768.jpg\" alt=\"\" data-id=\"780\" data-link=\"https:\/\/ms-mil.de\/?attachment_id=780\" class=\"wp-image-780\" srcset=\"https:\/\/ms-mil.de\/wp-content\/uploads\/2019\/01\/IMG_5630-1024x768.jpg 1024w, https:\/\/ms-mil.de\/wp-content\/uploads\/2019\/01\/IMG_5630-300x225.jpg 300w, https:\/\/ms-mil.de\/wp-content\/uploads\/2019\/01\/IMG_5630-768x576.jpg 768w, https:\/\/ms-mil.de\/wp-content\/uploads\/2019\/01\/IMG_5630-960x720.jpg 960w\" sizes=\"(max-width: 1024px) 100vw, 1024px\" \/><\/figure><\/li><li class=\"blocks-gallery-item\"><figure><img decoding=\"async\" loading=\"lazy\" width=\"1024\" height=\"768\" src=\"https:\/\/ms-mil.de\/wp-content\/uploads\/2019\/01\/IMG_5631-1024x768.jpg\" alt=\"\" data-id=\"781\" data-link=\"https:\/\/ms-mil.de\/?attachment_id=781\" class=\"wp-image-781\" srcset=\"https:\/\/ms-mil.de\/wp-content\/uploads\/2019\/01\/IMG_5631-1024x768.jpg 1024w, https:\/\/ms-mil.de\/wp-content\/uploads\/2019\/01\/IMG_5631-300x225.jpg 300w, https:\/\/ms-mil.de\/wp-content\/uploads\/2019\/01\/IMG_5631-768x576.jpg 768w, https:\/\/ms-mil.de\/wp-content\/uploads\/2019\/01\/IMG_5631-960x720.jpg 960w\" sizes=\"(max-width: 1024px) 100vw, 1024px\" \/><\/figure><\/li><li class=\"blocks-gallery-item\"><figure><img decoding=\"async\" loading=\"lazy\" width=\"768\" height=\"1024\" src=\"https:\/\/ms-mil.de\/wp-content\/uploads\/2019\/01\/IMG_5632-768x1024.jpg\" alt=\"\" data-id=\"782\" data-link=\"https:\/\/ms-mil.de\/?attachment_id=782\" class=\"wp-image-782\" srcset=\"https:\/\/ms-mil.de\/wp-content\/uploads\/2019\/01\/IMG_5632-768x1024.jpg 768w, https:\/\/ms-mil.de\/wp-content\/uploads\/2019\/01\/IMG_5632-225x300.jpg 225w, https:\/\/ms-mil.de\/wp-content\/uploads\/2019\/01\/IMG_5632-960x1280.jpg 960w\" sizes=\"(max-width: 768px) 100vw, 768px\" \/><\/figure><\/li><li class=\"blocks-gallery-item\"><figure><img decoding=\"async\" loading=\"lazy\" width=\"1024\" height=\"768\" src=\"https:\/\/ms-mil.de\/wp-content\/uploads\/2019\/01\/IMG_5634-1024x768.jpg\" alt=\"\" data-id=\"783\" data-link=\"https:\/\/ms-mil.de\/?attachment_id=783\" class=\"wp-image-783\" srcset=\"https:\/\/ms-mil.de\/wp-content\/uploads\/2019\/01\/IMG_5634-1024x768.jpg 1024w, https:\/\/ms-mil.de\/wp-content\/uploads\/2019\/01\/IMG_5634-300x225.jpg 300w, https:\/\/ms-mil.de\/wp-content\/uploads\/2019\/01\/IMG_5634-768x576.jpg 768w, https:\/\/ms-mil.de\/wp-content\/uploads\/2019\/01\/IMG_5634-960x720.jpg 960w\" sizes=\"(max-width: 1024px) 100vw, 1024px\" \/><\/figure><\/li><li class=\"blocks-gallery-item\"><figure><img decoding=\"async\" loading=\"lazy\" width=\"1024\" height=\"768\" src=\"https:\/\/ms-mil.de\/wp-content\/uploads\/2019\/01\/IMG_5635-1024x768.jpg\" alt=\"\" data-id=\"784\" data-link=\"https:\/\/ms-mil.de\/?attachment_id=784\" class=\"wp-image-784\" srcset=\"https:\/\/ms-mil.de\/wp-content\/uploads\/2019\/01\/IMG_5635-1024x768.jpg 1024w, https:\/\/ms-mil.de\/wp-content\/uploads\/2019\/01\/IMG_5635-300x225.jpg 300w, https:\/\/ms-mil.de\/wp-content\/uploads\/2019\/01\/IMG_5635-768x576.jpg 768w, https:\/\/ms-mil.de\/wp-content\/uploads\/2019\/01\/IMG_5635-960x720.jpg 960w\" sizes=\"(max-width: 1024px) 100vw, 1024px\" \/><\/figure><\/li><li class=\"blocks-gallery-item\"><figure><img decoding=\"async\" loading=\"lazy\" width=\"1024\" height=\"768\" src=\"https:\/\/ms-mil.de\/wp-content\/uploads\/2019\/01\/IMG_5636-1024x768.jpg\" alt=\"\" data-id=\"785\" data-link=\"https:\/\/ms-mil.de\/?attachment_id=785\" class=\"wp-image-785\" srcset=\"https:\/\/ms-mil.de\/wp-content\/uploads\/2019\/01\/IMG_5636-1024x768.jpg 1024w, https:\/\/ms-mil.de\/wp-content\/uploads\/2019\/01\/IMG_5636-300x225.jpg 300w, https:\/\/ms-mil.de\/wp-content\/uploads\/2019\/01\/IMG_5636-768x576.jpg 768w, https:\/\/ms-mil.de\/wp-content\/uploads\/2019\/01\/IMG_5636-960x720.jpg 960w\" sizes=\"(max-width: 1024px) 100vw, 1024px\" \/><\/figure><\/li><li class=\"blocks-gallery-item\"><figure><img decoding=\"async\" loading=\"lazy\" width=\"1024\" height=\"768\" src=\"https:\/\/ms-mil.de\/wp-content\/uploads\/2019\/01\/IMG_5637-1024x768.jpg\" alt=\"\" data-id=\"786\" data-link=\"https:\/\/ms-mil.de\/?attachment_id=786\" class=\"wp-image-786\" srcset=\"https:\/\/ms-mil.de\/wp-content\/uploads\/2019\/01\/IMG_5637-1024x768.jpg 1024w, https:\/\/ms-mil.de\/wp-content\/uploads\/2019\/01\/IMG_5637-300x225.jpg 300w, https:\/\/ms-mil.de\/wp-content\/uploads\/2019\/01\/IMG_5637-768x576.jpg 768w, https:\/\/ms-mil.de\/wp-content\/uploads\/2019\/01\/IMG_5637-960x720.jpg 960w\" sizes=\"(max-width: 1024px) 100vw, 1024px\" \/><\/figure><\/li><li class=\"blocks-gallery-item\"><figure><img decoding=\"async\" loading=\"lazy\" width=\"1024\" height=\"768\" src=\"https:\/\/ms-mil.de\/wp-content\/uploads\/2019\/01\/IMG_5638-1024x768.jpg\" alt=\"\" data-id=\"787\" data-link=\"https:\/\/ms-mil.de\/?attachment_id=787\" class=\"wp-image-787\" srcset=\"https:\/\/ms-mil.de\/wp-content\/uploads\/2019\/01\/IMG_5638-1024x768.jpg 1024w, https:\/\/ms-mil.de\/wp-content\/uploads\/2019\/01\/IMG_5638-300x225.jpg 300w, https:\/\/ms-mil.de\/wp-content\/uploads\/2019\/01\/IMG_5638-768x576.jpg 768w, https:\/\/ms-mil.de\/wp-content\/uploads\/2019\/01\/IMG_5638-960x720.jpg 960w\" sizes=\"(max-width: 1024px) 100vw, 1024px\" \/><\/figure><\/li><li class=\"blocks-gallery-item\"><figure><img decoding=\"async\" loading=\"lazy\" width=\"768\" height=\"1024\" src=\"https:\/\/ms-mil.de\/wp-content\/uploads\/2019\/01\/IMG_5639-768x1024.jpg\" alt=\"\" data-id=\"788\" data-link=\"https:\/\/ms-mil.de\/?attachment_id=788\" class=\"wp-image-788\" srcset=\"https:\/\/ms-mil.de\/wp-content\/uploads\/2019\/01\/IMG_5639-768x1024.jpg 768w, https:\/\/ms-mil.de\/wp-content\/uploads\/2019\/01\/IMG_5639-225x300.jpg 225w, https:\/\/ms-mil.de\/wp-content\/uploads\/2019\/01\/IMG_5639-960x1280.jpg 960w\" sizes=\"(max-width: 768px) 100vw, 768px\" \/><\/figure><\/li><li class=\"blocks-gallery-item\"><figure><img decoding=\"async\" loading=\"lazy\" width=\"1024\" height=\"768\" src=\"https:\/\/ms-mil.de\/wp-content\/uploads\/2019\/01\/IMG_5640-1024x768.jpg\" alt=\"\" data-id=\"789\" data-link=\"https:\/\/ms-mil.de\/?attachment_id=789\" class=\"wp-image-789\" srcset=\"https:\/\/ms-mil.de\/wp-content\/uploads\/2019\/01\/IMG_5640-1024x768.jpg 1024w, https:\/\/ms-mil.de\/wp-content\/uploads\/2019\/01\/IMG_5640-300x225.jpg 300w, https:\/\/ms-mil.de\/wp-content\/uploads\/2019\/01\/IMG_5640-768x576.jpg 768w, https:\/\/ms-mil.de\/wp-content\/uploads\/2019\/01\/IMG_5640-960x720.jpg 960w\" sizes=\"(max-width: 1024px) 100vw, 1024px\" \/><\/figure><\/li><li class=\"blocks-gallery-item\"><figure><img decoding=\"async\" loading=\"lazy\" width=\"1024\" height=\"768\" src=\"https:\/\/ms-mil.de\/wp-content\/uploads\/2019\/01\/IMG_5641-1024x768.jpg\" alt=\"\" data-id=\"790\" data-link=\"https:\/\/ms-mil.de\/?attachment_id=790\" class=\"wp-image-790\" srcset=\"https:\/\/ms-mil.de\/wp-content\/uploads\/2019\/01\/IMG_5641-1024x768.jpg 1024w, https:\/\/ms-mil.de\/wp-content\/uploads\/2019\/01\/IMG_5641-300x225.jpg 300w, https:\/\/ms-mil.de\/wp-content\/uploads\/2019\/01\/IMG_5641-768x576.jpg 768w, https:\/\/ms-mil.de\/wp-content\/uploads\/2019\/01\/IMG_5641-960x720.jpg 960w\" sizes=\"(max-width: 1024px) 100vw, 1024px\" \/><\/figure><\/li><li class=\"blocks-gallery-item\"><figure><img decoding=\"async\" loading=\"lazy\" width=\"1024\" height=\"768\" src=\"https:\/\/ms-mil.de\/wp-content\/uploads\/2019\/01\/IMG_5642-1024x768.jpg\" alt=\"\" data-id=\"791\" data-link=\"https:\/\/ms-mil.de\/?attachment_id=791\" class=\"wp-image-791\" srcset=\"https:\/\/ms-mil.de\/wp-content\/uploads\/2019\/01\/IMG_5642-1024x768.jpg 1024w, https:\/\/ms-mil.de\/wp-content\/uploads\/2019\/01\/IMG_5642-300x225.jpg 300w, https:\/\/ms-mil.de\/wp-content\/uploads\/2019\/01\/IMG_5642-768x576.jpg 768w, https:\/\/ms-mil.de\/wp-content\/uploads\/2019\/01\/IMG_5642-960x720.jpg 960w\" sizes=\"(max-width: 1024px) 100vw, 1024px\" \/><\/figure><\/li><li class=\"blocks-gallery-item\"><figure><img decoding=\"async\" loading=\"lazy\" width=\"768\" height=\"1024\" src=\"https:\/\/ms-mil.de\/wp-content\/uploads\/2019\/01\/IMG_5643-768x1024.jpg\" alt=\"\" data-id=\"792\" data-link=\"https:\/\/ms-mil.de\/?attachment_id=792\" class=\"wp-image-792\" srcset=\"https:\/\/ms-mil.de\/wp-content\/uploads\/2019\/01\/IMG_5643-768x1024.jpg 768w, https:\/\/ms-mil.de\/wp-content\/uploads\/2019\/01\/IMG_5643-225x300.jpg 225w, https:\/\/ms-mil.de\/wp-content\/uploads\/2019\/01\/IMG_5643-960x1280.jpg 960w\" sizes=\"(max-width: 768px) 100vw, 768px\" \/><\/figure><\/li><li class=\"blocks-gallery-item\"><figure><img decoding=\"async\" loading=\"lazy\" width=\"1024\" height=\"768\" src=\"https:\/\/ms-mil.de\/wp-content\/uploads\/2019\/01\/IMG_5644-1024x768.jpg\" alt=\"\" data-id=\"793\" data-link=\"https:\/\/ms-mil.de\/?attachment_id=793\" class=\"wp-image-793\" srcset=\"https:\/\/ms-mil.de\/wp-content\/uploads\/2019\/01\/IMG_5644-1024x768.jpg 1024w, https:\/\/ms-mil.de\/wp-content\/uploads\/2019\/01\/IMG_5644-300x225.jpg 300w, https:\/\/ms-mil.de\/wp-content\/uploads\/2019\/01\/IMG_5644-768x576.jpg 768w, https:\/\/ms-mil.de\/wp-content\/uploads\/2019\/01\/IMG_5644-960x720.jpg 960w\" sizes=\"(max-width: 1024px) 100vw, 1024px\" \/><\/figure><\/li><li class=\"blocks-gallery-item\"><figure><img decoding=\"async\" loading=\"lazy\" width=\"1024\" height=\"768\" src=\"https:\/\/ms-mil.de\/wp-content\/uploads\/2019\/01\/IMG_5645-1024x768.jpg\" alt=\"\" data-id=\"794\" data-link=\"https:\/\/ms-mil.de\/?attachment_id=794\" class=\"wp-image-794\" srcset=\"https:\/\/ms-mil.de\/wp-content\/uploads\/2019\/01\/IMG_5645-1024x768.jpg 1024w, https:\/\/ms-mil.de\/wp-content\/uploads\/2019\/01\/IMG_5645-300x225.jpg 300w, https:\/\/ms-mil.de\/wp-content\/uploads\/2019\/01\/IMG_5645-768x576.jpg 768w, https:\/\/ms-mil.de\/wp-content\/uploads\/2019\/01\/IMG_5645-960x720.jpg 960w\" sizes=\"(max-width: 1024px) 100vw, 1024px\" \/><\/figure><\/li><li class=\"blocks-gallery-item\"><figure><img decoding=\"async\" loading=\"lazy\" width=\"768\" height=\"1024\" src=\"https:\/\/ms-mil.de\/wp-content\/uploads\/2019\/01\/IMG_5646-768x1024.jpg\" alt=\"\" data-id=\"795\" data-link=\"https:\/\/ms-mil.de\/?attachment_id=795\" class=\"wp-image-795\" srcset=\"https:\/\/ms-mil.de\/wp-content\/uploads\/2019\/01\/IMG_5646-768x1024.jpg 768w, https:\/\/ms-mil.de\/wp-content\/uploads\/2019\/01\/IMG_5646-225x300.jpg 225w, https:\/\/ms-mil.de\/wp-content\/uploads\/2019\/01\/IMG_5646-960x1280.jpg 960w\" sizes=\"(max-width: 768px) 100vw, 768px\" \/><\/figure><\/li><li class=\"blocks-gallery-item\"><figure><img decoding=\"async\" loading=\"lazy\" width=\"1024\" height=\"768\" src=\"https:\/\/ms-mil.de\/wp-content\/uploads\/2019\/01\/IMG_5647-1024x768.jpg\" alt=\"\" data-id=\"796\" data-link=\"https:\/\/ms-mil.de\/?attachment_id=796\" class=\"wp-image-796\" srcset=\"https:\/\/ms-mil.de\/wp-content\/uploads\/2019\/01\/IMG_5647-1024x768.jpg 1024w, https:\/\/ms-mil.de\/wp-content\/uploads\/2019\/01\/IMG_5647-300x225.jpg 300w, https:\/\/ms-mil.de\/wp-content\/uploads\/2019\/01\/IMG_5647-768x576.jpg 768w, https:\/\/ms-mil.de\/wp-content\/uploads\/2019\/01\/IMG_5647-960x720.jpg 960w\" sizes=\"(max-width: 1024px) 100vw, 1024px\" \/><\/figure><\/li><li class=\"blocks-gallery-item\"><figure><img decoding=\"async\" loading=\"lazy\" width=\"1024\" height=\"768\" src=\"https:\/\/ms-mil.de\/wp-content\/uploads\/2019\/01\/IMG_5648-1024x768.jpg\" alt=\"\" data-id=\"797\" data-link=\"https:\/\/ms-mil.de\/?attachment_id=797\" class=\"wp-image-797\" srcset=\"https:\/\/ms-mil.de\/wp-content\/uploads\/2019\/01\/IMG_5648-1024x768.jpg 1024w, https:\/\/ms-mil.de\/wp-content\/uploads\/2019\/01\/IMG_5648-300x225.jpg 300w, https:\/\/ms-mil.de\/wp-content\/uploads\/2019\/01\/IMG_5648-768x576.jpg 768w, https:\/\/ms-mil.de\/wp-content\/uploads\/2019\/01\/IMG_5648-960x720.jpg 960w\" sizes=\"(max-width: 1024px) 100vw, 1024px\" \/><\/figure><\/li><\/ul>\n","protected":false},"excerpt":{"rendered":"<p>Ausw\u00e4hlen, Passepartout schneiden, Einrahmen und Aufh\u00e4ngen.Die Sch\u00fcler freuen sich, wenn sie ihre k\u00fcnstlerischen Werke im Schulhaus entdecken. F\u00fcr alle am Schulleben Beteiligte ist das eine tolle Sache.<\/p>\n","protected":false},"author":3,"featured_media":0,"parent":61,"menu_order":0,"comment_status":"closed","ping_status":"open","template":"","meta":[],"_links":{"self":[{"href":"https:\/\/ms-mil.de\/index.php?rest_route=\/wp\/v2\/pages\/769"}],"collection":[{"href":"https:\/\/ms-mil.de\/index.php?rest_route=\/wp\/v2\/pages"}],"about":[{"href":"https:\/\/ms-mil.de\/index.php?rest_route=\/wp\/v2\/types\/page"}],"author":[{"embeddable":true,"href":"https:\/\/ms-mil.de\/index.php?rest_route=\/wp\/v2\/users\/3"}],"replies":[{"embeddable":true,"href":"https:\/\/ms-mil.de\/index.php?rest_route=%2Fwp%2Fv2%2Fcomments&post=769"}],"version-history":[{"count":3,"href":"https:\/\/ms-mil.de\/index.php?rest_route=\/wp\/v2\/pages\/769\/revisions"}],"predecessor-version":[{"id":918,"href":"https:\/\/ms-mil.de\/index.php?rest_route=\/wp\/v2\/pages\/769\/revisions\/918"}],"up":[{"embeddable":true,"href":"https:\/\/ms-mil.de\/index.php?rest_route=\/wp\/v2\/pages\/61"}],"wp:attachment":[{"href":"https:\/\/ms-mil.de\/index.php?rest_route=%2Fwp%2Fv2%2Fmedia&parent=769"}],"curies":[{"name":"wp","href":"https:\/\/api.w.org\/{rel}","templated":true}]}}