{"id":742,"date":"2019-01-30T09:20:42","date_gmt":"2019-01-30T08:20:42","guid":{"rendered":"https:\/\/ms-mil.de\/?page_id=742"},"modified":"2019-03-25T17:44:58","modified_gmt":"2019-03-25T16:44:58","slug":"kunst-in-der-kochsmuehle","status":"publish","type":"page","link":"https:\/\/ms-mil.de\/?page_id=742","title":{"rendered":"Kunst in der Kochsm\u00fchle"},"content":{"rendered":"\n<p>In diesem Schuljahr besuchten sehr viele Sch\u00fclerinnen und Sch\u00fcler die Ausstellung in der Kochsm\u00fchle in Obernburg. Gezeigt wurden \u00fcberwiegend dick aufgetragene \u00d6lgem\u00e4lde von dem K\u00fcnstler Ansgar Skiba. Sein wesentliches Stilelement ist die Gestaltung der Bilder von Hand ohne Pinsel und Spachtel. Seine Lieblingsmotive sind G\u00e4rten, Naturbilder und Nahaufnahmen von Pflanzen aller Art. Wenn man so durch die Ausstellung l\u00e4uft, hat man schnell das Gef\u00fchl in der Zeit um 1890 zu leben, in der die damaligen Impressionisten auch versucht haben, fernab von der Fotografie, die Natur in ihren sch\u00f6nsten Farben darzustellen und festzuhalten.<\/p>\n\n\n\n<p>Mit dabei waren die Sch\u00fcler der Klassen 7a, 7bM, 8a, 8bM sowie alle der 9. Jahrgangsstufe. An den drei unterschiedlichen Vormittagen organisierte das Kunstteam der Kochsm\u00fchle eine kurze F\u00fchrung. Im Vordergrund stand aber das praktische k\u00fcnstlerische Tun. Die Sch\u00fclerinnen und Sch\u00fcler hatten die Gelegenheit sich ihr Lieblingsmotiv zu suchen und anschlie\u00dfend dieses als Vorlage oder Ideenanregung zu nutzen. Die so an den K\u00fcnstler angelehnten Bilder wurden mit wasservermalbaren Pastellkreiden gestaltet.<\/p>\n\n\n\n<p>Hin und Zur\u00fcck nutzten wir die Bahn. Bei ca. 130 teilnehmenden Sch\u00fclern kamen da schon einige Kosten zusammen, die freundlicherweise die Stadt im vollem Umfang \u00fcbernommen hat. Daf\u00fcr herzlichen Dank.<\/p>\n\n\n\n<ul class=\"wp-block-gallery columns-3 is-cropped wp-block-gallery-1 is-layout-flex\"><li class=\"blocks-gallery-item\"><figure><img decoding=\"async\" loading=\"lazy\" width=\"512\" height=\"339\" src=\"https:\/\/ms-mil.de\/wp-content\/uploads\/2019\/01\/DSC_3322.jpg\" alt=\"\" data-id=\"743\" data-link=\"https:\/\/ms-mil.de\/?attachment_id=743\" class=\"wp-image-743\" srcset=\"https:\/\/ms-mil.de\/wp-content\/uploads\/2019\/01\/DSC_3322.jpg 512w, https:\/\/ms-mil.de\/wp-content\/uploads\/2019\/01\/DSC_3322-300x199.jpg 300w\" sizes=\"(max-width: 512px) 100vw, 512px\" \/><\/figure><\/li><li class=\"blocks-gallery-item\"><figure><img decoding=\"async\" loading=\"lazy\" width=\"512\" height=\"339\" src=\"https:\/\/ms-mil.de\/wp-content\/uploads\/2019\/01\/DSC_3318.jpg\" alt=\"\" data-id=\"744\" data-link=\"https:\/\/ms-mil.de\/?attachment_id=744\" class=\"wp-image-744\" srcset=\"https:\/\/ms-mil.de\/wp-content\/uploads\/2019\/01\/DSC_3318.jpg 512w, https:\/\/ms-mil.de\/wp-content\/uploads\/2019\/01\/DSC_3318-300x199.jpg 300w\" sizes=\"(max-width: 512px) 100vw, 512px\" \/><\/figure><\/li><li class=\"blocks-gallery-item\"><figure><img decoding=\"async\" loading=\"lazy\" width=\"512\" height=\"415\" src=\"https:\/\/ms-mil.de\/wp-content\/uploads\/2019\/01\/DSC_3327.jpg\" alt=\"\" data-id=\"745\" data-link=\"https:\/\/ms-mil.de\/?attachment_id=745\" class=\"wp-image-745\" srcset=\"https:\/\/ms-mil.de\/wp-content\/uploads\/2019\/01\/DSC_3327.jpg 512w, https:\/\/ms-mil.de\/wp-content\/uploads\/2019\/01\/DSC_3327-300x243.jpg 300w\" sizes=\"(max-width: 512px) 100vw, 512px\" \/><\/figure><\/li><li class=\"blocks-gallery-item\"><figure><img decoding=\"async\" loading=\"lazy\" width=\"512\" height=\"339\" src=\"https:\/\/ms-mil.de\/wp-content\/uploads\/2019\/01\/DSC_3352.jpg\" alt=\"\" data-id=\"746\" data-link=\"https:\/\/ms-mil.de\/?attachment_id=746\" class=\"wp-image-746\" srcset=\"https:\/\/ms-mil.de\/wp-content\/uploads\/2019\/01\/DSC_3352.jpg 512w, https:\/\/ms-mil.de\/wp-content\/uploads\/2019\/01\/DSC_3352-300x199.jpg 300w\" sizes=\"(max-width: 512px) 100vw, 512px\" \/><\/figure><\/li><li class=\"blocks-gallery-item\"><figure><img decoding=\"async\" loading=\"lazy\" width=\"512\" height=\"339\" src=\"https:\/\/ms-mil.de\/wp-content\/uploads\/2019\/01\/DSC_3334.jpg\" alt=\"\" data-id=\"747\" data-link=\"https:\/\/ms-mil.de\/?attachment_id=747\" class=\"wp-image-747\" srcset=\"https:\/\/ms-mil.de\/wp-content\/uploads\/2019\/01\/DSC_3334.jpg 512w, https:\/\/ms-mil.de\/wp-content\/uploads\/2019\/01\/DSC_3334-300x199.jpg 300w\" sizes=\"(max-width: 512px) 100vw, 512px\" \/><\/figure><\/li><li class=\"blocks-gallery-item\"><figure><img decoding=\"async\" loading=\"lazy\" width=\"512\" height=\"339\" src=\"https:\/\/ms-mil.de\/wp-content\/uploads\/2019\/01\/DSC_3382.jpg\" alt=\"\" data-id=\"748\" data-link=\"https:\/\/ms-mil.de\/?attachment_id=748\" class=\"wp-image-748\" srcset=\"https:\/\/ms-mil.de\/wp-content\/uploads\/2019\/01\/DSC_3382.jpg 512w, https:\/\/ms-mil.de\/wp-content\/uploads\/2019\/01\/DSC_3382-300x199.jpg 300w\" sizes=\"(max-width: 512px) 100vw, 512px\" \/><\/figure><\/li><li class=\"blocks-gallery-item\"><figure><img decoding=\"async\" loading=\"lazy\" width=\"512\" height=\"339\" src=\"https:\/\/ms-mil.de\/wp-content\/uploads\/2019\/01\/DSC_3381.jpg\" alt=\"\" data-id=\"749\" data-link=\"https:\/\/ms-mil.de\/?attachment_id=749\" class=\"wp-image-749\" srcset=\"https:\/\/ms-mil.de\/wp-content\/uploads\/2019\/01\/DSC_3381.jpg 512w, https:\/\/ms-mil.de\/wp-content\/uploads\/2019\/01\/DSC_3381-300x199.jpg 300w\" sizes=\"(max-width: 512px) 100vw, 512px\" \/><\/figure><\/li><li class=\"blocks-gallery-item\"><figure><img decoding=\"async\" loading=\"lazy\" width=\"512\" height=\"339\" src=\"https:\/\/ms-mil.de\/wp-content\/uploads\/2019\/01\/DSC_3361.jpg\" alt=\"\" data-id=\"750\" data-link=\"https:\/\/ms-mil.de\/?attachment_id=750\" class=\"wp-image-750\" srcset=\"https:\/\/ms-mil.de\/wp-content\/uploads\/2019\/01\/DSC_3361.jpg 512w, https:\/\/ms-mil.de\/wp-content\/uploads\/2019\/01\/DSC_3361-300x199.jpg 300w\" sizes=\"(max-width: 512px) 100vw, 512px\" \/><\/figure><\/li><\/ul>\n\n\n\n<p>Die Gewinner des Jahres 2019:<br><a href=\"https:\/\/ms-mil.de\/?p=1097\">Link zum Beitrag<\/a><\/p>\n\n\n\n<figure class=\"wp-block-image\"><img decoding=\"async\" loading=\"lazy\" width=\"1024\" height=\"768\" src=\"https:\/\/ms-mil.de\/wp-content\/uploads\/2019\/03\/IMG_5885-1024x768.jpg\" alt=\"\" class=\"wp-image-1098\" srcset=\"https:\/\/ms-mil.de\/wp-content\/uploads\/2019\/03\/IMG_5885-1024x768.jpg 1024w, https:\/\/ms-mil.de\/wp-content\/uploads\/2019\/03\/IMG_5885-300x225.jpg 300w, https:\/\/ms-mil.de\/wp-content\/uploads\/2019\/03\/IMG_5885-768x576.jpg 768w, https:\/\/ms-mil.de\/wp-content\/uploads\/2019\/03\/IMG_5885-960x720.jpg 960w\" sizes=\"(max-width: 1024px) 100vw, 1024px\" \/><figcaption>Die zwei Sieger in der Endauswertung (Somia und Riordan aus der 7. Klasse)<\/figcaption><\/figure>\n","protected":false},"excerpt":{"rendered":"<p>In diesem Schuljahr besuchten sehr viele Sch\u00fclerinnen und Sch\u00fcler die Ausstellung in der Kochsm\u00fchle in Obernburg. Gezeigt wurden \u00fcberwiegend dick aufgetragene \u00d6lgem\u00e4lde von dem K\u00fcnstler Ansgar Skiba. Sein wesentliches Stilelement ist die Gestaltung der Bilder von Hand ohne Pinsel und Spachtel. Seine Lieblingsmotive sind G\u00e4rten, Naturbilder und Nahaufnahmen von Pflanzen aller Art. Wenn man so <a href=\"https:\/\/ms-mil.de\/?page_id=742\" class=\"more-link\">...weiterlesen<span class=\"screen-reader-text\"> \"Kunst in der Kochsm\u00fchle\"<\/span><\/a><\/p>\n","protected":false},"author":3,"featured_media":0,"parent":61,"menu_order":0,"comment_status":"closed","ping_status":"open","template":"","meta":[],"_links":{"self":[{"href":"https:\/\/ms-mil.de\/index.php?rest_route=\/wp\/v2\/pages\/742"}],"collection":[{"href":"https:\/\/ms-mil.de\/index.php?rest_route=\/wp\/v2\/pages"}],"about":[{"href":"https:\/\/ms-mil.de\/index.php?rest_route=\/wp\/v2\/types\/page"}],"author":[{"embeddable":true,"href":"https:\/\/ms-mil.de\/index.php?rest_route=\/wp\/v2\/users\/3"}],"replies":[{"embeddable":true,"href":"https:\/\/ms-mil.de\/index.php?rest_route=%2Fwp%2Fv2%2Fcomments&post=742"}],"version-history":[{"count":4,"href":"https:\/\/ms-mil.de\/index.php?rest_route=\/wp\/v2\/pages\/742\/revisions"}],"predecessor-version":[{"id":1118,"href":"https:\/\/ms-mil.de\/index.php?rest_route=\/wp\/v2\/pages\/742\/revisions\/1118"}],"up":[{"embeddable":true,"href":"https:\/\/ms-mil.de\/index.php?rest_route=\/wp\/v2\/pages\/61"}],"wp:attachment":[{"href":"https:\/\/ms-mil.de\/index.php?rest_route=%2Fwp%2Fv2%2Fmedia&parent=742"}],"curies":[{"name":"wp","href":"https:\/\/api.w.org\/{rel}","templated":true}]}}