{"id":6815,"date":"2020-02-17T13:51:30","date_gmt":"2020-02-17T12:51:30","guid":{"rendered":"https:\/\/ms-mil.de\/?page_id=6815"},"modified":"2020-06-29T10:02:32","modified_gmt":"2020-06-29T08:02:32","slug":"mit-der-kunst-in-den-wald","status":"publish","type":"page","link":"https:\/\/ms-mil.de\/?page_id=6815","title":{"rendered":"Mit der Kunst in den Wald"},"content":{"rendered":"\n<p><strong>Unser Wald ist in Gefahr!<\/strong><\/p>\n\n\n\n<p>Mit dieser Kunstaktion m\u00f6chten die Sch\u00fcler Gefahren aufzeigen, denen der Wald in letzter Zeit vermehrt ausgesetzt ist. Aus diesem Grund sind die fertigen wetterfest gedruckten Kunstwerke auch mitten im Wald platziert. So entdecken Spazierg\u00e4nger, Fahrradfahrer, Erwachsene aber auch Kinder diese Bilder und verweilen so eine Weile beim Betrachten und besinnen sich auf die bedrohliche Situation vieler Waldbest\u00e4nde in Deutschland oder den gef\u00e4hrdeten Waldbestand weltweit. Besonders die Trockenheit der letzten Jahre und gleichzeitige Zunahme der Sch\u00e4dlinge im Wald, setzen dem uns so wichtigen \u201eSauerstofflieferant\u201c ordentlich zu. Die Sch\u00fcler w\u00e4hlten aber auch Motive, die andere Gefahren aufzeigen wie Asphaltierung und Versiegelung, Umweltgifte, Waldrodung, saurer Regen, Tiersterben und einigem mehr.<\/p>\n<p>&nbsp;<\/p>\n\n\n\n<figure class=\"wp-block-video\"><video controls src=\"https:\/\/ms-mil.de\/wp-content\/uploads\/2020\/02\/Kunst-im-Wald_2.mp4\"><\/video><figcaption>Fachbereich Kunst: Alexander H\u00f6ring<\/figcaption><\/figure>\n\n\n\n\n\n<figure class=\"wp-block-image size-large\"><img decoding=\"async\" loading=\"lazy\" width=\"1024\" height=\"901\" src=\"https:\/\/ms-mil.de\/wp-content\/uploads\/2020\/06\/Bildschirmfoto-2020-06-17-um-10.56.48-1024x901.png\" alt=\"\" class=\"wp-image-7047\" srcset=\"https:\/\/ms-mil.de\/wp-content\/uploads\/2020\/06\/Bildschirmfoto-2020-06-17-um-10.56.48-1024x901.png 1024w, https:\/\/ms-mil.de\/wp-content\/uploads\/2020\/06\/Bildschirmfoto-2020-06-17-um-10.56.48-300x264.png 300w, https:\/\/ms-mil.de\/wp-content\/uploads\/2020\/06\/Bildschirmfoto-2020-06-17-um-10.56.48-768x676.png 768w, https:\/\/ms-mil.de\/wp-content\/uploads\/2020\/06\/Bildschirmfoto-2020-06-17-um-10.56.48-960x845.png 960w, https:\/\/ms-mil.de\/wp-content\/uploads\/2020\/06\/Bildschirmfoto-2020-06-17-um-10.56.48.png 1282w\" sizes=\"(max-width: 1024px) 100vw, 1024px\" \/><\/figure>\n\n\n\n\n\n<figure class=\"wp-block-image size-large\"><img decoding=\"async\" loading=\"lazy\" width=\"1024\" height=\"585\" src=\"https:\/\/ms-mil.de\/wp-content\/uploads\/2020\/06\/Bildschirmfoto-2020-06-17-um-10.57.00-1024x585.png\" alt=\"\" class=\"wp-image-7048\" srcset=\"https:\/\/ms-mil.de\/wp-content\/uploads\/2020\/06\/Bildschirmfoto-2020-06-17-um-10.57.00-1024x585.png 1024w, https:\/\/ms-mil.de\/wp-content\/uploads\/2020\/06\/Bildschirmfoto-2020-06-17-um-10.57.00-300x171.png 300w, https:\/\/ms-mil.de\/wp-content\/uploads\/2020\/06\/Bildschirmfoto-2020-06-17-um-10.57.00-768x439.png 768w, https:\/\/ms-mil.de\/wp-content\/uploads\/2020\/06\/Bildschirmfoto-2020-06-17-um-10.57.00-960x549.png 960w, https:\/\/ms-mil.de\/wp-content\/uploads\/2020\/06\/Bildschirmfoto-2020-06-17-um-10.57.00.png 1256w\" sizes=\"(max-width: 1024px) 100vw, 1024px\" \/><\/figure>\n\n\n\n\n\n<figure class=\"wp-block-image size-large\"><img decoding=\"async\" loading=\"lazy\" width=\"1024\" height=\"432\" src=\"https:\/\/ms-mil.de\/wp-content\/uploads\/2020\/06\/Bildschirmfoto-2020-06-17-um-10.58.00-1024x432.png\" alt=\"\" class=\"wp-image-7049\" srcset=\"https:\/\/ms-mil.de\/wp-content\/uploads\/2020\/06\/Bildschirmfoto-2020-06-17-um-10.58.00-1024x432.png 1024w, https:\/\/ms-mil.de\/wp-content\/uploads\/2020\/06\/Bildschirmfoto-2020-06-17-um-10.58.00-300x127.png 300w, https:\/\/ms-mil.de\/wp-content\/uploads\/2020\/06\/Bildschirmfoto-2020-06-17-um-10.58.00-768x324.png 768w, https:\/\/ms-mil.de\/wp-content\/uploads\/2020\/06\/Bildschirmfoto-2020-06-17-um-10.58.00-960x405.png 960w, https:\/\/ms-mil.de\/wp-content\/uploads\/2020\/06\/Bildschirmfoto-2020-06-17-um-10.58.00.png 1242w\" sizes=\"(max-width: 1024px) 100vw, 1024px\" \/><\/figure>\n\n\n\n<figure class=\"wp-block-image size-full\"><img decoding=\"async\" loading=\"lazy\" width=\"631\" height=\"885\" src=\"https:\/\/ms-mil.de\/wp-content\/uploads\/2020\/06\/IMG_7698.png\" alt=\"\" class=\"wp-image-7069\" srcset=\"https:\/\/ms-mil.de\/wp-content\/uploads\/2020\/06\/IMG_7698.png 631w, https:\/\/ms-mil.de\/wp-content\/uploads\/2020\/06\/IMG_7698-214x300.png 214w\" sizes=\"(max-width: 631px) 100vw, 631px\" \/><\/figure>\n\n\n\n<p><strong>Wie finde ich die Kunstausstellung im Wald?<\/strong><br>Start an Punkt 1 (gelb): Los gehts am Alten Marktplatz die gelbe Strecke hoch in Richtung Felsenmeer (Punkt 2). Von dort aus gehts nach rechts (Punkt 3 blau) den Kunstpfad entlang. Hier findet ihr alle Bilder unserer Sch\u00fclerinnen und Sch\u00fcler. Nach ca. 2 km gelangt ihr zu einem sch\u00f6nen Aussichtspunkt oberhalb von Miltenberg mit toller Sicht auf die Mildenburg von oben. Auf dem Weg zur\u00fcck (Nr. 4.) lauft ihr entlang des neuen Baumkundepfades wieder zum Marktplatz.<\/p>\n","protected":false},"excerpt":{"rendered":"<p>Unser Wald ist in Gefahr! Mit dieser Kunstaktion m\u00f6chten die Sch\u00fcler Gefahren aufzeigen, denen der Wald in letzter Zeit vermehrt ausgesetzt ist. Aus diesem Grund sind die fertigen wetterfest gedruckten Kunstwerke auch mitten im Wald platziert. So entdecken Spazierg\u00e4nger, Fahrradfahrer, Erwachsene aber auch Kinder diese Bilder und verweilen so eine Weile beim Betrachten und besinnen <a href=\"https:\/\/ms-mil.de\/?page_id=6815\" class=\"more-link\">...weiterlesen<span class=\"screen-reader-text\"> \"Mit der Kunst in den Wald\"<\/span><\/a><\/p>\n","protected":false},"author":3,"featured_media":0,"parent":61,"menu_order":1,"comment_status":"closed","ping_status":"closed","template":"","meta":[],"_links":{"self":[{"href":"https:\/\/ms-mil.de\/index.php?rest_route=\/wp\/v2\/pages\/6815"}],"collection":[{"href":"https:\/\/ms-mil.de\/index.php?rest_route=\/wp\/v2\/pages"}],"about":[{"href":"https:\/\/ms-mil.de\/index.php?rest_route=\/wp\/v2\/types\/page"}],"author":[{"embeddable":true,"href":"https:\/\/ms-mil.de\/index.php?rest_route=\/wp\/v2\/users\/3"}],"replies":[{"embeddable":true,"href":"https:\/\/ms-mil.de\/index.php?rest_route=%2Fwp%2Fv2%2Fcomments&post=6815"}],"version-history":[{"count":6,"href":"https:\/\/ms-mil.de\/index.php?rest_route=\/wp\/v2\/pages\/6815\/revisions"}],"predecessor-version":[{"id":7070,"href":"https:\/\/ms-mil.de\/index.php?rest_route=\/wp\/v2\/pages\/6815\/revisions\/7070"}],"up":[{"embeddable":true,"href":"https:\/\/ms-mil.de\/index.php?rest_route=\/wp\/v2\/pages\/61"}],"wp:attachment":[{"href":"https:\/\/ms-mil.de\/index.php?rest_route=%2Fwp%2Fv2%2Fmedia&parent=6815"}],"curies":[{"name":"wp","href":"https:\/\/api.w.org\/{rel}","templated":true}]}}