{"id":6431,"date":"2019-11-30T18:47:00","date_gmt":"2019-11-30T17:47:00","guid":{"rendered":"https:\/\/ms-mil.de\/?page_id=6431"},"modified":"2019-11-30T18:54:13","modified_gmt":"2019-11-30T17:54:13","slug":"beratungs-und-hilfsangebote-im-schulamtsbezirk-miltenberg-depression-bei-kindern","status":"publish","type":"page","link":"https:\/\/ms-mil.de\/?page_id=6431","title":{"rendered":"Beratungs- und Hilfsangebote im Schulamtsbezirk Miltenberg &#8211; Depression bei Kindern"},"content":{"rendered":"\n<p style=\"text-align: center;\"><em><strong>Depression bei Kindern und Jugendlichen<br \/><\/strong><\/em><em><strong>Beratungs- und Hilfsangebote im Schulamtsbezirk Miltenberg<br \/><br \/><\/strong>Die Liste wurde vom Staatlichen Schulamt im Landkreis Miltenberg zur Verf\u00fcgung gestellt<strong>.<br \/><\/strong><\/em><\/p>\n<p>Hier finden Sie Hilfe und Unterst\u00fctzung<\/p>\n<p>Klinische Ansprechpartner:<\/p>\n<ul>\n<li><strong>Kinderarzt* <\/strong>Ihres Vertrauens<\/li>\n<li><strong>Kinder- und Jugendlichen-Psychotherapeuten, Psychologen und Fach\u00e4rzte f\u00fcr Kinder- und Jugendpsychiatrie*: <\/strong>\n<ul>\n<li>Auskunft \u00fcber aktuelle Kontaktdaten gibt die Arzt-\/ Therapeutensuche unter <a href=\"http:\/\/www.kvb.de\">www.kvb.de<\/a><\/li>\n<\/ul>\n<\/li>\n<\/ul>\n<ul>\n<li><strong>Koordinationsstelle der KVB in Bayreuth, <\/strong> 0921\/ 787765-40410 informiert \u00fcber aktuell freie Kapazit\u00e4ten<\/li>\n<li><strong>Terminservicestelle der KVB: <\/strong>0921\/ 787765-55020 (Fach\u00e4rzte) oder 0921\/ 787765-55030 (psychotherapeutische Erstgespr\u00e4che, Akutbehandlungen)<\/li>\n<\/ul>\n<ul>\n<li><strong>Klinikum Aschaffenburg-Alzenau, Klinik f\u00fcr Psychiatrie und Psychotherapie des Kindes- und Jugendalters<br \/><\/strong>Am Hasenkopf 1, 63739 Aschaffenburg, Tel.: 06021 32-3801<\/li>\n<\/ul>\n<ul>\n<li><strong>Bezirkskrankenhaus Lohr am Main, Krankenhaus f\u00fcr Psychiatrie, Psychotherapie und Psychosomatische Medizin<br \/><\/strong>Am Sommerberg, 97816 Lohr a. Main<br \/>Tel: BKH Zentrale 09352 503-0<\/li>\n<\/ul>\n<p>Schulische Ansprechpartner:<\/p>\n<ul>\n<li><strong>Staatliche Schulberatungsstelle W\u00fcrzburg<br \/><\/strong>Zentralen Schulpsychologinnen und Schulpsychologen, Beratungslehrkr\u00e4fte f\u00fcr Grund- und Mittelschulen, Realschulen, Gymnasien, Berufliche Schulen in Unterfranken<br \/>Ludwigkai 4, 97072 W\u00fcrzburg, Tel.: 0931 7945 410<\/li>\n<\/ul>\n<ul>\n<li><strong>Staatliches Schulamt Miltenberg<br \/><\/strong>Staatliche Schulpsychologinnen und Schulpsychologen, Beratungslehrkr\u00e4fte und Mobilen Sonderp\u00e4dagogischen Dienste im Schulamtsbezirk Miltenberg<br \/>F\u00e4hrweg 35, 63897 Miltenberg<br \/>Tel.: 09371 501 542<\/li>\n<\/ul>\n<p>Ansprechpartner Landratsamt Miltenberg:<\/p>\n<ul>\n<li><strong>Landratsamt Miltenberg<br \/><\/strong>Kinder, Jugend und Familie<br \/>Br\u00fcckenstra\u00dfe 2, 63897 Miltenberg<br \/>Tel.: 09371 5010<\/li>\n<li><strong>Familienwegweiser des Landkreises Miltenberg<br \/><\/strong>Hilfen f\u00fcr Familien, Eltern, Kinder und Jugendliche<br \/><a href=\"https:\/\/www.landkreis-miltenberg.de\/Dox.aspx?docid=%7b993127B3-B372-48AA-8188-8F920FBD6FAB%7d&amp;orgid=%7b7C8C59D1-B1AB-4F53-93D6-F3E260070D25%7d\">https:\/\/www.landkreis-miltenberg.de\/Dox.aspx?docid={993127B3-B372-48AA-8188-8F920FBD6FAB}&amp;orgid={7C8C59D1-B1AB-4F53-93D6-F3E260070D25}<\/a><\/li>\n<li><strong>Caritas Erziehungsberatungsstelle Miltenberg<br \/><\/strong>Psychologische Beratungsstelle f\u00fcr Kinder, Jugendliche und Eltern - Erziehungsberatung<br \/>Hauptstra\u00dfe 60 (Franziskushaus), 63897 Miltenberg<br \/>Tel.: 09371 978920<\/li>\n<\/ul>\n<p>Weitere Ansprechpartner und hilfreiche Internetseiten:<\/p>\n<ul>\n<li><strong>W\u00fcrzburger B\u00fcndnis gegen Depression<\/strong><br \/><a href=\"http:\/\/www.wuerzburgerbuendnis.de\">www.wuerzburgerbuendnis.de<\/a><\/li>\n<\/ul>\n<ul>\n<li><strong>Krisenhilfe f\u00fcr Kinder, Jugendliche und junge Erwachsene<\/strong><br \/><a href=\"http:\/\/www.neuhland.de\">www.neuhland.de<\/a><\/li>\n<li>Onlineberatung f\u00fcr Kinder und Jugendliche in Lebenskrisen<br \/><a href=\"http:\/\/www.youth-life-line.de\">www.youth-life-line.de<\/a><\/li>\n<li><strong>Beratung f\u00fcr Kinder und Jugendliche, sowie Lehrer psychisch erkrankter Kinder<\/strong>: fighting depression online<br \/><a href=\"http:\/\/www.fideo.de\">www.fideo.de<\/a><\/li>\n<li><strong>Nummer gegen Kummer, Kinder- und Jugendtelefon<\/strong><br \/><a href=\"http:\/\/www.nummergegenkummer.de\">www.nummergegenkummer.de<\/a><br \/>Tel.: 116111<br \/><strong>Nummer gegen Kummer, Elterntelefon<br \/><\/strong>Tel.: 0800 111 0 550<\/li>\n<\/ul>\n<ul>\n<li><strong>Telefonseelsorge<\/strong>: kostenlose und anonyme Beratung rund um die Uhr<br \/><a href=\"http:\/\/www.telefonseelsorge.de\">www.telefonseelsorge.de<\/a><br \/>0800 111 0 111 oder 0800 111 0 222<\/li>\n<\/ul>\n","protected":false},"excerpt":{"rendered":"<p>Depression bei Kindern und JugendlichenBeratungs- und Hilfsangebote im Schulamtsbezirk Miltenberg Die Liste wurde vom Staatlichen Schulamt im Landkreis Miltenberg zur Verf\u00fcgung gestellt. Hier finden Sie Hilfe und Unterst\u00fctzung Klinische Ansprechpartner: Kinderarzt* Ihres Vertrauens Kinder- und Jugendlichen-Psychotherapeuten, Psychologen und Fach\u00e4rzte f\u00fcr Kinder- und Jugendpsychiatrie*: Auskunft \u00fcber aktuelle Kontaktdaten gibt die Arzt-\/ Therapeutensuche unter www.kvb.de Koordinationsstelle der <a href=\"https:\/\/ms-mil.de\/?page_id=6431\" class=\"more-link\">...weiterlesen<span class=\"screen-reader-text\"> \"Beratungs- und Hilfsangebote im Schulamtsbezirk Miltenberg &#8211; Depression bei Kindern\"<\/span><\/a><\/p>\n","protected":false},"author":13,"featured_media":0,"parent":51,"menu_order":3,"comment_status":"closed","ping_status":"closed","template":"","meta":[],"_links":{"self":[{"href":"https:\/\/ms-mil.de\/index.php?rest_route=\/wp\/v2\/pages\/6431"}],"collection":[{"href":"https:\/\/ms-mil.de\/index.php?rest_route=\/wp\/v2\/pages"}],"about":[{"href":"https:\/\/ms-mil.de\/index.php?rest_route=\/wp\/v2\/types\/page"}],"author":[{"embeddable":true,"href":"https:\/\/ms-mil.de\/index.php?rest_route=\/wp\/v2\/users\/13"}],"replies":[{"embeddable":true,"href":"https:\/\/ms-mil.de\/index.php?rest_route=%2Fwp%2Fv2%2Fcomments&post=6431"}],"version-history":[{"count":2,"href":"https:\/\/ms-mil.de\/index.php?rest_route=\/wp\/v2\/pages\/6431\/revisions"}],"predecessor-version":[{"id":6455,"href":"https:\/\/ms-mil.de\/index.php?rest_route=\/wp\/v2\/pages\/6431\/revisions\/6455"}],"up":[{"embeddable":true,"href":"https:\/\/ms-mil.de\/index.php?rest_route=\/wp\/v2\/pages\/51"}],"wp:attachment":[{"href":"https:\/\/ms-mil.de\/index.php?rest_route=%2Fwp%2Fv2%2Fmedia&parent=6431"}],"curies":[{"name":"wp","href":"https:\/\/api.w.org\/{rel}","templated":true}]}}