{"id":61,"date":"2017-09-05T08:01:38","date_gmt":"2017-09-05T08:01:38","guid":{"rendered":"https:\/\/ms-mil.de\/?page_id=61"},"modified":"2020-03-12T07:56:00","modified_gmt":"2020-03-12T06:56:00","slug":"kunstfilm","status":"publish","type":"page","link":"https:\/\/ms-mil.de\/?page_id=61","title":{"rendered":"Kunst-Film-Technik"},"content":{"rendered":"\n<p>NEU: <a href=\"https:\/\/ms-mil.de\/?p=5418\">Kunst im Fach Technik<\/a> (Nov 2019)<\/p>\n\n\n\n<p>NEU: <a href=\"https:\/\/ms-mil.de\/?page_id=1849\">Modellbau im Werkunterricht<\/a> (Neu Trailer M\u00e4rz 2020)<\/p>\n\n\n\n<p><a href=\"https:\/\/ms-mil.de\/?p=1059\">Einfacher Siebdruck (Plakate f\u00fcrs Tanzfest)<\/a><\/p>\n\n\n\n<p>Beitrag: <a href=\"https:\/\/ms-mil.de\/?p=1222(\u00f6ffnet in neuem Tab)\">CNC-Fr\u00e4se im Einsatz<\/a><\/p>\n\n\n\n<p>Beitrag: <a href=\"https:\/\/ms-mil.de\/?p=1213\">Frische Farbe f\u00fcr den Pausenhof<\/a><\/p>\n\n\n\n<p><a href=\"https:\/\/ms-mil.de\/?page_id=721\">Kunst mit dem Ipad<\/a><\/p>\n\n\n\n<p><a href=\"https:\/\/ms-mil.de\/?page_id=1033\">Stop Motion Filme<\/a><\/p>\n\n\n\n<p><a href=\"https:\/\/ms-mil.de\/?page_id=299\">Klimakunstschule<\/a><\/p>\n\n\n\n<p><a href=\"https:\/\/ms-mil.de\/?page_id=742\">Kochsm\u00fchle<\/a><\/p>\n\n\n\n<p><a href=\"https:\/\/ms-mil.de\/?page_id=976\">Gewinnerauswahl Kochsm\u00fchle 2019<\/a><\/p>\n\n\n\n<p><a href=\"https:\/\/ms-mil.de\/?page_id=755\">Landratsamt Ausstellung<\/a><\/p>\n\n\n\n<p><a href=\"https:\/\/ms-mil.de\/?page_id=769\">Mit der Kunst ins Schulhaus<\/a><\/p>\n","protected":false},"excerpt":{"rendered":"<p>NEU: Kunst im Fach Technik (Nov 2019) NEU: Modellbau im Werkunterricht (Neu Trailer M\u00e4rz 2020) Einfacher Siebdruck (Plakate f\u00fcrs Tanzfest) Beitrag: CNC-Fr\u00e4se im Einsatz Beitrag: Frische Farbe f\u00fcr den Pausenhof Kunst mit dem Ipad Stop Motion Filme Klimakunstschule Kochsm\u00fchle Gewinnerauswahl Kochsm\u00fchle 2019 Landratsamt Ausstellung Mit der Kunst ins Schulhaus<\/p>\n","protected":false},"author":3,"featured_media":0,"parent":0,"menu_order":0,"comment_status":"closed","ping_status":"open","template":"","meta":[],"_links":{"self":[{"href":"https:\/\/ms-mil.de\/index.php?rest_route=\/wp\/v2\/pages\/61"}],"collection":[{"href":"https:\/\/ms-mil.de\/index.php?rest_route=\/wp\/v2\/pages"}],"about":[{"href":"https:\/\/ms-mil.de\/index.php?rest_route=\/wp\/v2\/types\/page"}],"author":[{"embeddable":true,"href":"https:\/\/ms-mil.de\/index.php?rest_route=\/wp\/v2\/users\/3"}],"replies":[{"embeddable":true,"href":"https:\/\/ms-mil.de\/index.php?rest_route=%2Fwp%2Fv2%2Fcomments&post=61"}],"version-history":[{"count":14,"href":"https:\/\/ms-mil.de\/index.php?rest_route=\/wp\/v2\/pages\/61\/revisions"}],"predecessor-version":[{"id":6847,"href":"https:\/\/ms-mil.de\/index.php?rest_route=\/wp\/v2\/pages\/61\/revisions\/6847"}],"wp:attachment":[{"href":"https:\/\/ms-mil.de\/index.php?rest_route=%2Fwp%2Fv2%2Fmedia&parent=61"}],"curies":[{"name":"wp","href":"https:\/\/api.w.org\/{rel}","templated":true}]}}