{"id":299,"date":"2019-01-30T09:05:16","date_gmt":"2019-01-30T08:05:16","guid":{"rendered":"https:\/\/ms-mil.de\/?page_id=299"},"modified":"2019-01-30T09:05:16","modified_gmt":"2019-01-30T08:05:16","slug":"paula-die-eisbaerin-spricht-von-ihren-sorgen","status":"publish","type":"page","link":"https:\/\/ms-mil.de\/?page_id=299","title":{"rendered":"Paula, die Eisb\u00e4rin spricht von ihren Sorgen"},"content":{"rendered":"<p style=\"font-weight: 400\">&nbsp;&nbsp; Bereits zum zw<span style=\"font-size: 1rem\">eiten Mal fand eine <\/span><span style=\"font-size: 1rem\">Klimakunstaktion an der Mittelschule Miltenberg statt. Am 24. April besuchte Petra Hofmann den Kunstunterricht von Alexander H\u00f6ring und brachte<\/span><span style=\"font-size: 1rem\">&nbsp;den Sch\u00fclerinnen und Sch\u00fclern der 6. Klasse gleich drei Besucher mit.&nbsp;<\/span><strong style=\"font-size: 1rem\">Jack, der Landwirt<\/strong><span style=\"font-size: 1rem\">&nbsp;aus dem S\u00fcden von Afrika, der in Europa sich eine neue Existenz aufbauen m\u00f6chte und w<\/span><\/p>\n<p style=\"font-weight: 400\"><span style=\"font-size: 1rem\">e<\/span><img decoding=\"async\" loading=\"lazy\" class=\"size-medium wp-image-303 alignleft\" style=\"font-size: 1rem\" src=\"https:\/\/ms-mil.de\/wp-content\/uploads\/2018\/01\/2_klimaschutz4-300x225.jpg\" alt=\"\" width=\"300\" height=\"225\" srcset=\"https:\/\/ms-mil.de\/wp-content\/uploads\/2018\/01\/2_klimaschutz4-300x225.jpg 300w, https:\/\/ms-mil.de\/wp-content\/uploads\/2018\/01\/2_klimaschutz4-768x576.jpg 768w, https:\/\/ms-mil.de\/wp-content\/uploads\/2018\/01\/2_klimaschutz4-1024x768.jpg 1024w, https:\/\/ms-mil.de\/wp-content\/uploads\/2018\/01\/2_klimaschutz4-960x720.jpg 960w\" sizes=\"(max-width: 300px) 100vw, 300px\" \/><span style=\"font-size: 1rem\">gen der andauernden Hitze und&nbsp;<\/span><img decoding=\"async\" loading=\"lazy\" class=\"wp-image-300 size-medium alignleft\" style=\"font-size: 1rem\" src=\"https:\/\/ms-mil.de\/wp-content\/uploads\/2018\/01\/2_klimaschutz1-300x225.jpg\" alt=\"\" width=\"300\" height=\"225\" srcset=\"https:\/\/ms-mil.de\/wp-content\/uploads\/2018\/01\/2_klimaschutz1-300x225.jpg 300w, https:\/\/ms-mil.de\/wp-content\/uploads\/2018\/01\/2_klimaschutz1-768x576.jpg 768w, https:\/\/ms-mil.de\/wp-content\/uploads\/2018\/01\/2_klimaschutz1-1024x768.jpg 1024w, https:\/\/ms-mil.de\/wp-content\/uploads\/2018\/01\/2_klimaschutz1-960x720.jpg 960w\" sizes=\"(max-width: 300px) 100vw, 300px\" \/><span style=\"font-size: 1rem\">Trockenheit keine Aussicht auf \u00dcberleben mehr in seiner H<\/span><\/p>\n<p><img decoding=\"async\" loading=\"lazy\" class=\"size-medium wp-image-301 alignleft\" style=\"font-size: 1rem\" src=\"https:\/\/ms-mil.de\/wp-content\/uploads\/2018\/01\/2_klimaschutz2-274x300.jpg\" alt=\"\" width=\"274\" height=\"300\" srcset=\"https:\/\/ms-mil.de\/wp-content\/uploads\/2018\/01\/2_klimaschutz2-274x300.jpg 274w, https:\/\/ms-mil.de\/wp-content\/uploads\/2018\/01\/2_klimaschutz2-768x841.jpg 768w, https:\/\/ms-mil.de\/wp-content\/uploads\/2018\/01\/2_klimaschutz2-935x1024.jpg 935w, https:\/\/ms-mil.de\/wp-content\/uploads\/2018\/01\/2_klimaschutz2-960x1051.jpg 960w\" sizes=\"(max-width: 274px) 100vw, 274px\" \/><\/p>\n<p style=\"font-weight: 400\"><span style=\"font-size: 1rem\">eimat hat.&nbsp;<\/span><strong style=\"font-size: 1rem\">Paula, die Eisb\u00e4rin<\/strong><span style=\"font-size: 1rem\">&nbsp;erz\u00e4hlt den Sch\u00fclern vo<\/span><span style=\"font-size: 1rem\">n ihren Sorgen und der Not vom Leben an den Polarkappen. \u201eEs wird einfach immer w\u00e4rmer und der Boden bricht ihr unter den F\u00fc\u00dfen weg\u201c. Und d<\/span><span style=\"font-size: 1rem\">ann ist da noch&nbsp;<\/span><strong style=\"font-size: 1rem\">Erich, der junge Hai<\/strong><span style=\"font-size: 1rem\">, der vom bunten M\u00fcllteppich auf dem Meeresboden einfach genug hat. Mittlerweile sei ihm einfach egal, wenn Plastik in seinem Bauch landet. Das macht ihm nichts mehr aus, meint er zumindest. Aber was die Sch\u00fclerin da alles aus seinem Magen herausholt, ist schon erschreckend: T\u00fcten, Plastikflaschen, Zahnb\u00fcrsten, Stifte, sogar Handys.<\/span><\/p>\n<p style=\"font-weight: 400\">Alle drei Figurenpuppen pr\u00e4sentiert Petra Hofmann mit voller \u00dcberzeugung, zumal sie exzellente Bauchrednerin ist und die Sch\u00fcler so zum St<img decoding=\"async\" loading=\"lazy\" class=\"size-medium wp-image-302 alignleft\" style=\"font-size: 1rem\" src=\"https:\/\/ms-mil.de\/wp-content\/uploads\/2018\/01\/2_klimaschutz3-225x300.jpg\" alt=\"\" width=\"225\" height=\"300\" srcset=\"https:\/\/ms-mil.de\/wp-content\/uploads\/2018\/01\/2_klimaschutz3-225x300.jpg 225w, https:\/\/ms-mil.de\/wp-content\/uploads\/2018\/01\/2_klimaschutz3-768x1024.jpg 768w, https:\/\/ms-mil.de\/wp-content\/uploads\/2018\/01\/2_klimaschutz3-960x1280.jpg 960w\" sizes=\"(max-width: 225px) 100vw, 225px\" \/><span style=\"font-size: 1rem\">aunen brachte.<\/span><\/p>\n<p style=\"font-weight: 400\">Im zweiten Teil des Vormittags \u00fcbten die Sch\u00fclerinnen und Sch\u00fcler das einfache Schauspielen. \u201eEs war gar nicht so einfach, nur so dazustehen und entspannt zu schauen!\u201c Das Ziel dieses Tages war es, in einer Gruppe ein kleines Theater aufzuf\u00fchren, dass die Problematik der Klimaver\u00e4nderung spielerisch vorstellt. \u201eGut gemacht\u201c meinte Herr H\u00f6ring, als da Willi, Leon und Robin ihre Auff\u00fchrung beendet haben Leon mag das Busfahren gar nicht und streitet st\u00e4ndig mit Robin, der eifriger Busfahrgast ist. Schlie\u00dflich streiten die beiden, bis der Busfahrer Willi erscheint und beide einl\u00e4dt doch einmal mitzufahren. Genervt l\u00e4sst sich Leon \u00fcberreden und steigt in den Bus. Leon wurde \u00fcberzeugt und hatte bei cooler Musik und entspanntem Busfahren doch viel Spa\u00df und l\u00e4sst in Zukunft sein eigenes Auto doch \u00f6fters stehen. Vielleicht arbeiten wir an den Auff\u00fchrungen noch weiter und ver\u00f6ffentlichen diese dann auf Youtube, um der \u00d6ffentlichkeit den Mut zu geben, doch noch ein wenig mehr f\u00fcr den Umweltschutz zu tun.<\/p>\n<p style=\"font-weight: 400\">Bedanken m\u00f6chte sich die Mittelschule Miltenberg seitens der Schulleitung Hildegard Bauer und des Kunstlehrers Alexander H\u00f6ring vor allem bei Petra Hofmann, die diesen Vormittag wunderbar geplant und gestaltet hat. Ebenfalls m\u00f6chten wir uns beim Bildungscent in Berlin bedanken, der die Klimakunstaktion erst erm\u00f6glicht hat und uns finanziell f\u00f6rdert.<\/p>\n","protected":false},"excerpt":{"rendered":"<p>&nbsp;&nbsp; Bereits zum zweiten Mal fand eine Klimakunstaktion an der Mittelschule Miltenberg statt. Am 24. April besuchte Petra Hofmann den Kunstunterricht von Alexander H\u00f6ring und brachte&nbsp;den Sch\u00fclerinnen und Sch\u00fclern der 6. Klasse gleich drei Besucher mit.&nbsp;Jack, der Landwirt&nbsp;aus dem S\u00fcden von Afrika, der in Europa sich eine neue Existenz aufbauen m\u00f6chte und w egen der <a href=\"https:\/\/ms-mil.de\/?page_id=299\" class=\"more-link\">...weiterlesen<span class=\"screen-reader-text\"> \"Paula, die Eisb\u00e4rin spricht von ihren Sorgen\"<\/span><\/a><\/p>\n","protected":false},"author":3,"featured_media":0,"parent":61,"menu_order":2,"comment_status":"closed","ping_status":"open","template":"","meta":[],"_links":{"self":[{"href":"https:\/\/ms-mil.de\/index.php?rest_route=\/wp\/v2\/pages\/299"}],"collection":[{"href":"https:\/\/ms-mil.de\/index.php?rest_route=\/wp\/v2\/pages"}],"about":[{"href":"https:\/\/ms-mil.de\/index.php?rest_route=\/wp\/v2\/types\/page"}],"author":[{"embeddable":true,"href":"https:\/\/ms-mil.de\/index.php?rest_route=\/wp\/v2\/users\/3"}],"replies":[{"embeddable":true,"href":"https:\/\/ms-mil.de\/index.php?rest_route=%2Fwp%2Fv2%2Fcomments&post=299"}],"version-history":[{"count":4,"href":"https:\/\/ms-mil.de\/index.php?rest_route=\/wp\/v2\/pages\/299\/revisions"}],"predecessor-version":[{"id":736,"href":"https:\/\/ms-mil.de\/index.php?rest_route=\/wp\/v2\/pages\/299\/revisions\/736"}],"up":[{"embeddable":true,"href":"https:\/\/ms-mil.de\/index.php?rest_route=\/wp\/v2\/pages\/61"}],"wp:attachment":[{"href":"https:\/\/ms-mil.de\/index.php?rest_route=%2Fwp%2Fv2%2Fmedia&parent=299"}],"curies":[{"name":"wp","href":"https:\/\/api.w.org\/{rel}","templated":true}]}}