{"id":191,"date":"2020-10-12T19:11:18","date_gmt":"2020-10-12T17:11:18","guid":{"rendered":"https:\/\/ms-mil.de\/?page_id=191"},"modified":"2023-04-24T12:22:35","modified_gmt":"2023-04-24T10:22:35","slug":"jas-jugendsozialarbeit-an-schulen","status":"publish","type":"page","link":"https:\/\/ms-mil.de\/?page_id=191","title":{"rendered":"JAS &#8211; Jugendsozialarbeit an Schulen"},"content":{"rendered":"<p><a href=\"https:\/\/www.taskcards.de\/#\/board\/9121b331-df7c-4627-9296-8597fdd2d4e3?token=4868025d-3fb5-4a25-9af3-4816946c9779\">Link auf die Webseite der JaS Mittelschule Miltenberg<\/a><\/p>\n<p><\/p>\n<figure class=\"wp-block-image size-large is-resized\"><a href=\"https:\/\/www.taskcards.de\/#\/board\/9121b331-df7c-4627-9296-8597fdd2d4e3?token=4868025d-3fb5-4a25-9af3-4816946c9779\"><img decoding=\"async\" loading=\"lazy\" class=\"wp-image-7730\" src=\"https:\/\/ms-mil.de\/wp-content\/uploads\/2023\/04\/Bildschirm\u00adfoto-2023-04-18-um-07.49.35-1024x680.png\" alt=\"\" width=\"396\" height=\"262\" srcset=\"https:\/\/ms-mil.de\/wp-content\/uploads\/2023\/04\/Bildschirm\u00adfoto-2023-04-18-um-07.49.35-1024x680.png 1024w, https:\/\/ms-mil.de\/wp-content\/uploads\/2023\/04\/Bildschirm\u00adfoto-2023-04-18-um-07.49.35-300x199.png 300w, https:\/\/ms-mil.de\/wp-content\/uploads\/2023\/04\/Bildschirm\u00adfoto-2023-04-18-um-07.49.35-768x510.png 768w, https:\/\/ms-mil.de\/wp-content\/uploads\/2023\/04\/Bildschirm\u00adfoto-2023-04-18-um-07.49.35-960x638.png 960w, https:\/\/ms-mil.de\/wp-content\/uploads\/2023\/04\/Bildschirm\u00adfoto-2023-04-18-um-07.49.35.png 1388w\" sizes=\"(max-width: 396px) 100vw, 396px\" \/><\/a>\n<figcaption><\/figcaption>\nLiebe Eltern, Liebe Erziehungsberechtige,<\/figure>\n<p class=\"x_MsoNormal\">Mein Name ist Marcel Kreile und seit dem 01.05.2021 bin ich als Jugendsozialarbeiter an der Mittelschule Miltenberg t\u00e4tig.<\/p>\n<p><img decoding=\"async\" loading=\"lazy\" class=\"alignright wp-image-7330 size-medium\" src=\"https:\/\/ms-mil.de\/wp-content\/uploads\/2021\/06\/Foto2_Kreile-300x295.png\" alt=\"\" width=\"300\" height=\"295\" srcset=\"https:\/\/ms-mil.de\/wp-content\/uploads\/2021\/06\/Foto2_Kreile-300x295.png 300w, https:\/\/ms-mil.de\/wp-content\/uploads\/2021\/06\/Foto2_Kreile-1024x1007.png 1024w, https:\/\/ms-mil.de\/wp-content\/uploads\/2021\/06\/Foto2_Kreile-768x755.png 768w, https:\/\/ms-mil.de\/wp-content\/uploads\/2021\/06\/Foto2_Kreile-960x944.png 960w, https:\/\/ms-mil.de\/wp-content\/uploads\/2021\/06\/Foto2_Kreile.png 1080w\" sizes=\"(max-width: 300px) 100vw, 300px\" \/><\/p>\n<p class=\"x_MsoNormal\">Als Sozialp\u00e4dagoge und vor allem als Mensch stehe Ihrem Kind, Ihnen als Eltern, sowie den Lehrkr\u00e4ften an der Mittelschule, zur Verf\u00fcgung. Meine Arbeit verstehe ich insbesondere als Br\u00fcckenbau zwischen Schule und Familie.<\/p>\n<p class=\"x_MsoNormal\">Meine Unterst\u00fctzung ist kostenlos, freiwillig und unterliegt der Schweigepflicht.<\/p>\n<p class=\"x_MsoNormal\">Dabei kann ich Sie und Ihr Kind in folgenden Anliegen unterst\u00fctzen:<\/p>\n<ul type=\"disc\">\n<li class=\"x_MsoNormal\">Beratung und Unterst\u00fctzung bei schulischen sowie privaten Schwierigkeiten und Lebensfragen.<\/li>\n<li class=\"x_MsoNormal\">St\u00e4rkung sozialer und pers\u00f6nlicher F\u00e4higkeiten Ihres Kindes zur Bew\u00e4ltigung der schulischen sowie privaten Anforderungen.<\/li>\n<li class=\"x_MsoNormal\">Beratung und Unterst\u00fctzung von Eltern in Erziehungs- und Lebensfragen.<\/li>\n<li class=\"x_MsoNormal\">Vermittlung von Hilfen bei der Kontaktaufnahme zu anderen Einrichtungen der Kinder.- und Jugendhilfe.<\/li>\n<li class=\"x_MsoNormal\">Kooperationen mit anderen Institutionen.<\/li>\n<li class=\"x_MsoNormal\">Kooperation mit den Lehrkr\u00e4ften.<\/li>\n<\/ul>\n<p class=\"x_MsoNormal\">Ziel meiner Arbeit ist es, f\u00fcr eine gute Zukunft Ihres Kindes eine Grundlage zu schaffen und gemeinsam mit Ihnen und Ihrem Kind eine L\u00f6sung zu finden, die einen positiven und gelingenden (Schul-)Alltag erm\u00f6glichen!<\/p>\n<p class=\"x_MsoNormal\">Sie erreichen mich unter der 0173 6572025 oder <br \/>per Mail an <a href=\"mailto:marcel.kreile@lra-mil.de\" target=\"_blank\" rel=\"noopener noreferrer\">marcel.kreile@lra-mil.de<\/a>.<\/p>\n<p class=\"x_MsoNormal\">Gespr\u00e4chstermine sind flexibel m\u00f6glich, auch Abendtermine oder Hausbesuche. Sch\u00fcler und Sch\u00fclerinnen k\u00f6nnen jederzeit auf mich zugehen. Eltern bitte ich vorher einen Termin zu vereinbaren.<\/p>\n<p class=\"x_MsoNormal\">Ich freue mich auf die Zusammenarbeit mit Ihnen und Ihrem Kind.<\/p>\n\n\n<table style=\"width: 100.69%; height: 345px;\" width=\"917\">\n<tbody>\n<tr>\n<td style=\"width: 52.3973%;\" width=\"445\">\n<p style=\"text-align: center;\"><strong>Freundlich gr\u00fc\u00dft Sie<\/strong><\/p>\n<p style=\"text-align: center;\"><strong>Marcel Kreile<br \/><\/strong><\/p>\n<p style=\"text-align: center;\"><strong>Jugendsozialarbeiter an der Mittelschule Miltenberg\u00a0\u00a0 <\/strong><\/p>\n<\/td>\n<td style=\"width: 46.2329%;\" width=\"472\">\n<p>\u00a0<\/p>\n<p><strong><img decoding=\"async\" loading=\"lazy\" class=\"aligncenter\" src=\"https:\/\/ms-mil.de\/wp-content\/uploads\/2020\/10\/pic-jas.jpg\" alt=\"Dieses Bild hat ein leeres Alt-Attribut. Der Dateiname ist pic-jas.jpg\" width=\"108\" height=\"49\" \/><\/strong><\/p>\n<p><strong><img decoding=\"async\" loading=\"lazy\" class=\"aligncenter\" src=\"https:\/\/ms-mil.de\/wp-content\/uploads\/2020\/10\/pic-lra.jpg\" alt=\"Dieses Bild hat ein leeres Alt-Attribut. Der Dateiname ist pic-lra.jpg\" width=\"97\" height=\"63\" \/>\u00a0\u00a0\u00a0<\/strong><\/p>\n<p><strong> \u00a0\u00a0\u00a0\u00a0\u00a0\u00a0\u00a0 <\/strong><\/p>\n<\/td>\n<\/tr>\n<\/tbody>\n<\/table>\n","protected":false},"excerpt":{"rendered":"<p>Link auf die Webseite der JaS Mittelschule Miltenberg<\/p>\n","protected":false},"author":13,"featured_media":0,"parent":0,"menu_order":0,"comment_status":"closed","ping_status":"open","template":"","meta":[],"_links":{"self":[{"href":"https:\/\/ms-mil.de\/index.php?rest_route=\/wp\/v2\/pages\/191"}],"collection":[{"href":"https:\/\/ms-mil.de\/index.php?rest_route=\/wp\/v2\/pages"}],"about":[{"href":"https:\/\/ms-mil.de\/index.php?rest_route=\/wp\/v2\/types\/page"}],"author":[{"embeddable":true,"href":"https:\/\/ms-mil.de\/index.php?rest_route=\/wp\/v2\/users\/13"}],"replies":[{"embeddable":true,"href":"https:\/\/ms-mil.de\/index.php?rest_route=%2Fwp%2Fv2%2Fcomments&post=191"}],"version-history":[{"count":12,"href":"https:\/\/ms-mil.de\/index.php?rest_route=\/wp\/v2\/pages\/191\/revisions"}],"predecessor-version":[{"id":7749,"href":"https:\/\/ms-mil.de\/index.php?rest_route=\/wp\/v2\/pages\/191\/revisions\/7749"}],"wp:attachment":[{"href":"https:\/\/ms-mil.de\/index.php?rest_route=%2Fwp%2Fv2%2Fmedia&parent=191"}],"curies":[{"name":"wp","href":"https:\/\/api.w.org\/{rel}","templated":true}]}}