{"id":175,"date":"2017-10-22T17:05:10","date_gmt":"2017-10-22T15:05:10","guid":{"rendered":"https:\/\/ms-mil.de\/?page_id=175"},"modified":"2025-10-29T09:10:44","modified_gmt":"2025-10-29T08:10:44","slug":"unterricht","status":"publish","type":"page","link":"https:\/\/ms-mil.de\/?page_id=175","title":{"rendered":"Unterricht"},"content":{"rendered":"<p><span style=\"color: #000000; font-size: large;\">Unterrichtszeiten<\/span><\/p>\n<p><span style=\"color: #000000;\"><b>Um einen p\u00fcnktlichen Unterrichtsbeginn zu gew\u00e4hrleisten, sollten die Sch\u00fcler sp\u00e4testens 10 Minuten vor Unterrichtsbeginn im Klassenzimmer sein.<\/b><\/span><\/p>\n<p>Bei Verhinderung bitten wir um Benachrichtigung <b>vor<\/b> Unterrichtsbeginn.<br \/>\nTelefon: 09371 8962 oder \u00fcber den Schulmanager<\/p>\n<table border=\"2\" width=\"63%\" frame=\"void\" rules=\"cols\" cellspacing=\"4\" cellpadding=\"5\">\n<tbody>\n<tr>\n<td width=\"44%\">Stunden:<\/td>\n<td width=\"56%\">Uhrzeit<\/td>\n<\/tr>\n<tr>\n<td width=\"44%\">1. Stunde<\/td>\n<td width=\"56%\">08.00 \u2013 8.45 Uhr<\/td>\n<\/tr>\n<tr>\n<td width=\"44%\">2. Stunde<\/td>\n<td width=\"56%\">08.45 \u2013 9.30 Uhr<\/td>\n<\/tr>\n<tr>\n<td width=\"44%\">1. Pause<\/td>\n<td width=\"56%\">09.30 - 09.45 Uhr<\/td>\n<\/tr>\n<tr>\n<td width=\"44%\">3. Stunde<\/td>\n<td width=\"56%\">09.45 \u2013 10.30 Uhr<\/td>\n<\/tr>\n<tr>\n<td width=\"44%\">4. Stunde<\/td>\n<td width=\"56%\">10.30 \u2013 11.15 Uhr<\/td>\n<\/tr>\n<tr>\n<td width=\"44%\">2. Pause<\/td>\n<td width=\"56%\">11.15 - 11.30 Uhr<\/td>\n<\/tr>\n<tr>\n<td width=\"44%\">5. Stunde<\/td>\n<td width=\"56%\">11.30 \u2013 12.15 Uhr<\/td>\n<\/tr>\n<tr>\n<td width=\"44%\">6. Stunde<\/td>\n<td width=\"56%\">12.15 \u2013 13.00 Uhr<\/td>\n<\/tr>\n<tr>\n<td width=\"44%\">Mittagspause<\/td>\n<td width=\"56%\">13.00 - 13.15 (14.00) Uhr<\/td>\n<\/tr>\n<tr>\n<td width=\"44%\">7. Stunde<\/td>\n<td width=\"56%\">13.15 - 14.00 Uhr<\/td>\n<\/tr>\n<tr>\n<td width=\"44%\">8. Stunde<\/td>\n<td width=\"56%\">14.00 \u2013 14.45 Uhr<\/td>\n<\/tr>\n<tr>\n<td width=\"44%\">9. Stunde<\/td>\n<td width=\"56%\">14.45 \u2013 15.30 Uhr<\/td>\n<\/tr>\n<tr>\n<td width=\"44%\">10. Stunde<\/td>\n<td width=\"56%\">15.30 \u2013 16.15 Uhr<\/td>\n<\/tr>\n<\/tbody>\n<\/table>\n<p><b><span style=\"color: #000000;\">Teilweise ist der Nachtmittagsunterricht - je nach Absprache - in der 7. Stunde zeitlich abweichend geregelt!<\/span><\/b><\/p>\n","protected":false},"excerpt":{"rendered":"<p>Unterrichtszeiten Um einen p\u00fcnktlichen Unterrichtsbeginn zu gew\u00e4hrleisten, sollten die Sch\u00fcler sp\u00e4testens 10 Minuten vor Unterrichtsbeginn im Klassenzimmer sein. Bei Verhinderung bitten wir um Benachrichtigung vor Unterrichtsbeginn. Telefon: 09371 8962 oder \u00fcber den Schulmanager Stunden: Uhrzeit 1. Stunde 08.00 \u2013 8.45 Uhr 2. Stunde 08.45 \u2013 9.30 Uhr 1. Pause 09.30 - 09.45 Uhr 3. Stunde <a href=\"https:\/\/ms-mil.de\/?page_id=175\" class=\"more-link\">...weiterlesen<span class=\"screen-reader-text\"> \"Unterricht\"<\/span><\/a><\/p>\n","protected":false},"author":3,"featured_media":0,"parent":51,"menu_order":0,"comment_status":"closed","ping_status":"open","template":"","meta":[],"_links":{"self":[{"href":"https:\/\/ms-mil.de\/index.php?rest_route=\/wp\/v2\/pages\/175"}],"collection":[{"href":"https:\/\/ms-mil.de\/index.php?rest_route=\/wp\/v2\/pages"}],"about":[{"href":"https:\/\/ms-mil.de\/index.php?rest_route=\/wp\/v2\/types\/page"}],"author":[{"embeddable":true,"href":"https:\/\/ms-mil.de\/index.php?rest_route=\/wp\/v2\/users\/3"}],"replies":[{"embeddable":true,"href":"https:\/\/ms-mil.de\/index.php?rest_route=%2Fwp%2Fv2%2Fcomments&post=175"}],"version-history":[{"count":4,"href":"https:\/\/ms-mil.de\/index.php?rest_route=\/wp\/v2\/pages\/175\/revisions"}],"predecessor-version":[{"id":8234,"href":"https:\/\/ms-mil.de\/index.php?rest_route=\/wp\/v2\/pages\/175\/revisions\/8234"}],"up":[{"embeddable":true,"href":"https:\/\/ms-mil.de\/index.php?rest_route=\/wp\/v2\/pages\/51"}],"wp:attachment":[{"href":"https:\/\/ms-mil.de\/index.php?rest_route=%2Fwp%2Fv2%2Fmedia&parent=175"}],"curies":[{"name":"wp","href":"https:\/\/api.w.org\/{rel}","templated":true}]}}