{"id":173,"date":"2017-10-22T16:48:23","date_gmt":"2017-10-22T14:48:23","guid":{"rendered":"https:\/\/ms-mil.de\/?page_id=173"},"modified":"2025-10-29T09:17:55","modified_gmt":"2025-10-29T08:17:55","slug":"elternbeirat","status":"publish","type":"page","link":"https:\/\/ms-mil.de\/?page_id=173","title":{"rendered":"Elternbeirat 2025\/26"},"content":{"rendered":"\n<h3 class=\"wp-block-heading\">Der Elternbeirat stellt sich vor<\/h3>\n\n\n\n<p>Liebe Eltern,<br>wir begr\u00fc\u00dfen Sie sehr herzlich auf der Elternseite der Mittelschule Miltenberg.<\/p>\n\n\n\n<p><br><strong>Wer ist der Elternbeirat?<br><\/strong>In der konstituierenden Sitzung vom Oktober 2025 wurden die Aufgaben des neuen Elternbeirats per Wahl f\u00fcr das Schuljahr 2025\/26 wie folgt verteilt. - Namen folgen -<\/p>\n\n\n\n<p><\/p>\n\n\n\n<figure class=\"wp-block-table\"><table><tbody><tr><td>1. Vorsitzende:<\/td><td>Melanie Erbacher       <\/td><\/tr><tr><td>2. Vorsitzender:&nbsp;<\/td><td>Naser Tafa<\/td><\/tr><tr><td>Kasse:&nbsp;<\/td><td>Yvonne Difloe<\/td><\/tr><tr><td>Schriftf\u00fchrerin:&nbsp;<\/td><td>Tanja Gampert<\/td><\/tr><\/tbody><\/table><\/figure>\n\n\n\n<p>Beisitzende:\u00a0<\/p>\n\n\n\n<p>Iryna Sarnavska, Kathrin Kraft, Jessi Bleifus, Christoph H\u00f6rnig, Jawad Mahdawi, Miguel Tocora Manzano<\/p>\n\n\n\n<p><br><strong>Was sind unsere Aufgaben? <\/strong><\/p>\n\n\n\n<p>Der Elternbeirat stellt das Bindeglied zwischen Elternschaft und Schule dar. In dieser Funktion f\u00f6rdern wir die vertrauensvolle Zusammenarbeit mit der Schule. Wir halten w\u00e4hrend des Schuljahres engen Kontakt zu Schulleitung und Lehrern, um \u00fcber Schulprojekte stets auf dem Laufenden zu sein.<\/p>\n\n\n\n<p>Mit vielen helfenden Elternh\u00e4nden kann ein bunter und abwechslungsreicher Schulalltag z.B. mit dem Angebot von Aktionstagen oder durch Mithilfe bei Schulischen Veranstaltungen umgesetzt werden.<\/p>\n\n\n\n<p>Der Elternbeirat vertritt die Interessen der Eltern gegen\u00fcber der Schule. Sollte es zu einem Problem zwischen Eltern und Lehrern kommen, das nicht direkt zwischen den beiden gel\u00f6st werden kann, ist der Elternbeirat neben den Klassenelternsprechern erster Ansprechpartner und Vermittler.<\/p>\n\n\n\n<p>Der Elternbeirat m\u00f6chte die Elterngemeinschaft st\u00e4rken und den Kontakt zwischen Eltern und der Schul- sowie Klassenleitung f\u00f6rdern. Dies ist nur mit tatkr\u00e4ftiger Unterst\u00fctzung aller Eltern m\u00f6glich.<\/p>\n\n\n\n<p><br><strong>Was ist unser Ziel?<\/strong><\/p>\n\n\n\n<p>Wir m\u00f6chten, dass die Kinder der Mittelschule Miltenberg gerne zur Schule gehen und diese mit Herz und Verstand als Ort des Lernens \u2013 aber auch des sozialen Miteinanders \u2013 erfahren. Wir m\u00f6chten, dass Eltern und Lehrer die gemeinsame Verantwortung f\u00fcr die Erziehung und Bildung unserer Kinder in bestm\u00f6glicher Umgebung \u00fcbernehmen k\u00f6nnen.<\/p>\n\n\n\n<p>Haben Sie ein Thema, das bei der n\u00e4chsten Sitzung eingebracht werden soll? Wir freuen uns \u00fcber jegliche Nachricht:<\/p>\n\n\n\n<p><a href=\"mailto:elternbeirat.ms-mil@web.de\">elternbeirat.ms-mil@web.de<\/a><\/p>\n\n\n\n<p>Ihr Elternbeirat<\/p>\n\n\n","protected":false},"excerpt":{"rendered":"<p>Der Elternbeirat stellt sich vor Liebe Eltern,wir begr\u00fc\u00dfen Sie sehr herzlich auf der Elternseite der Mittelschule Miltenberg. Wer ist der Elternbeirat?In der konstituierenden Sitzung vom Oktober 2025 wurden die Aufgaben des neuen Elternbeirats per Wahl f\u00fcr das Schuljahr 2025\/26 wie folgt verteilt. - Namen folgen - 1. Vorsitzende: Melanie Erbacher 2. Vorsitzender:&nbsp; Naser Tafa Kasse:&nbsp; <a href=\"https:\/\/ms-mil.de\/?page_id=173\" class=\"more-link\">...weiterlesen<span class=\"screen-reader-text\"> \"Elternbeirat 2025\/26\"<\/span><\/a><\/p>\n","protected":false},"author":3,"featured_media":0,"parent":0,"menu_order":0,"comment_status":"closed","ping_status":"open","template":"","meta":[],"_links":{"self":[{"href":"https:\/\/ms-mil.de\/index.php?rest_route=\/wp\/v2\/pages\/173"}],"collection":[{"href":"https:\/\/ms-mil.de\/index.php?rest_route=\/wp\/v2\/pages"}],"about":[{"href":"https:\/\/ms-mil.de\/index.php?rest_route=\/wp\/v2\/types\/page"}],"author":[{"embeddable":true,"href":"https:\/\/ms-mil.de\/index.php?rest_route=\/wp\/v2\/users\/3"}],"replies":[{"embeddable":true,"href":"https:\/\/ms-mil.de\/index.php?rest_route=%2Fwp%2Fv2%2Fcomments&post=173"}],"version-history":[{"count":22,"href":"https:\/\/ms-mil.de\/index.php?rest_route=\/wp\/v2\/pages\/173\/revisions"}],"predecessor-version":[{"id":8239,"href":"https:\/\/ms-mil.de\/index.php?rest_route=\/wp\/v2\/pages\/173\/revisions\/8239"}],"wp:attachment":[{"href":"https:\/\/ms-mil.de\/index.php?rest_route=%2Fwp%2Fv2%2Fmedia&parent=173"}],"curies":[{"name":"wp","href":"https:\/\/api.w.org\/{rel}","templated":true}]}}